{"id":357,"date":"2025-07-08T08:43:24","date_gmt":"2025-07-08T08:43:24","guid":{"rendered":"https:\/\/banzai.team\/de\/?page_id=357"},"modified":"2025-07-26T19:42:40","modified_gmt":"2025-07-26T19:42:40","slug":"registration","status":"publish","type":"page","link":"https:\/\/banzai.team\/de\/registration\/","title":{"rendered":"Anmeldung"},"content":{"rendered":"","protected":false},"excerpt":{"rendered":"","protected":false},"author":1,"featured_media":0,"parent":0,"menu_order":0,"comment_status":"closed","ping_status":"closed","template":"","meta":{"footnotes":""},"class_list":["post-357","page","type-page","status-publish","hentry"],"yoast_head":"<!-- This site is optimized with the Yoast SEO plugin v27.4 - https:\/\/yoast.com\/product\/yoast-seo-wordpress\/ -->\n<title>BanzaiBet Anmeldung: Ein vollst\u00e4ndiger Leitfaden f\u00fcr Einsteiger<\/title>\n<meta name=\"description\" content=\"Finden Sie heraus, wie einfach und schnell es ist, sich bei BanzaiBet zu registrieren! Mit unserer vollst\u00e4ndigen Anleitung f\u00fcr Anf\u00e4nger \u00f6ffnen Sie die T\u00fcren zu einer Welt voller Gl\u00fccksspielabenteuer und gro\u00dfz\u00fcgiger Gewinne. Verpassen Sie nicht Ihre Chance - fangen Sie gleich jetzt an!\" \/>\n<meta name=\"robots\" content=\"index, follow, max-snippet:-1, max-image-preview:large, max-video-preview:-1\" \/>\n<meta property=\"og:locale\" content=\"de_DE\" \/>\n<meta property=\"og:type\" content=\"article\" \/>\n<meta property=\"og:title\" content=\"BanzaiBet Anmeldung: Ein vollst\u00e4ndiger Leitfaden f\u00fcr Einsteiger\" \/>\n<meta property=\"og:description\" content=\"Finden Sie heraus, wie einfach und schnell es ist, sich bei BanzaiBet zu registrieren! Mit unserer vollst\u00e4ndigen Anleitung f\u00fcr Anf\u00e4nger \u00f6ffnen Sie die T\u00fcren zu einer Welt voller Gl\u00fccksspielabenteuer und gro\u00dfz\u00fcgiger Gewinne. Verpassen Sie nicht Ihre Chance - fangen Sie gleich jetzt an!\" \/>\n<meta property=\"og:url\" content=\"https:\/\/banzai.team\/de\/registration\/\" \/>\n<meta property=\"og:site_name\" content=\"Banzai Team de\" \/>\n<meta property=\"article:modified_time\" content=\"2025-07-26T19:42:40+00:00\" \/>\n<meta name=\"twitter:card\" content=\"summary_large_image\" \/>\n<script type=\"application\/ld+json\" class=\"yoast-schema-graph\">{\"@context\":\"https:\\\/\\\/schema.org\",\"@graph\":[{\"@type\":\"WebPage\",\"@id\":\"https:\\\/\\\/banzai.team\\\/de\\\/registration\\\/\",\"url\":\"https:\\\/\\\/banzai.team\\\/de\\\/registration\\\/\",\"name\":\"BanzaiBet Anmeldung: Ein vollst\u00e4ndiger Leitfaden f\u00fcr Einsteiger\",\"isPartOf\":{\"@id\":\"https:\\\/\\\/banzai.team\\\/de\\\/#website\"},\"datePublished\":\"2025-07-08T08:43:24+00:00\",\"dateModified\":\"2025-07-26T19:42:40+00:00\",\"description\":\"Finden Sie heraus, wie einfach und schnell es ist, sich bei BanzaiBet zu registrieren! Mit unserer vollst\u00e4ndigen Anleitung f\u00fcr Anf\u00e4nger \u00f6ffnen Sie die T\u00fcren zu einer Welt voller Gl\u00fccksspielabenteuer und gro\u00dfz\u00fcgiger Gewinne. Verpassen Sie nicht Ihre Chance - fangen Sie gleich jetzt an!\",\"breadcrumb\":{\"@id\":\"https:\\\/\\\/banzai.team\\\/de\\\/registration\\\/#breadcrumb\"},\"inLanguage\":\"de\",\"potentialAction\":[{\"@type\":\"ReadAction\",\"target\":[\"https:\\\/\\\/banzai.team\\\/de\\\/registration\\\/\"]}]},{\"@type\":\"BreadcrumbList\",\"@id\":\"https:\\\/\\\/banzai.team\\\/de\\\/registration\\\/#breadcrumb\",\"itemListElement\":[{\"@type\":\"ListItem\",\"position\":1,\"name\":\"Home\",\"item\":\"https:\\\/\\\/banzai.team\\\/de\\\/\"},{\"@type\":\"ListItem\",\"position\":2,\"name\":\"Anmeldung\"}]},{\"@type\":\"WebSite\",\"@id\":\"https:\\\/\\\/banzai.team\\\/de\\\/#website\",\"url\":\"https:\\\/\\\/banzai.team\\\/de\\\/\",\"name\":\"Banzai Team de\",\"description\":\"My WordPress Blog\",\"potentialAction\":[{\"@type\":\"SearchAction\",\"target\":{\"@type\":\"EntryPoint\",\"urlTemplate\":\"https:\\\/\\\/banzai.team\\\/de\\\/?s={search_term_string}\"},\"query-input\":{\"@type\":\"PropertyValueSpecification\",\"valueRequired\":true,\"valueName\":\"search_term_string\"}}],\"inLanguage\":\"de\"}]}<\/script>\n<!-- \/ Yoast SEO plugin. -->","yoast_head_json":{"title":"BanzaiBet Anmeldung: Ein vollst\u00e4ndiger Leitfaden f\u00fcr Einsteiger","description":"Finden Sie heraus, wie einfach und schnell es ist, sich bei BanzaiBet zu registrieren! Mit unserer vollst\u00e4ndigen Anleitung f\u00fcr Anf\u00e4nger \u00f6ffnen Sie die T\u00fcren zu einer Welt voller Gl\u00fccksspielabenteuer und gro\u00dfz\u00fcgiger Gewinne. Verpassen Sie nicht Ihre Chance - fangen Sie gleich jetzt an!","robots":{"index":"index","follow":"follow","max-snippet":"max-snippet:-1","max-image-preview":"max-image-preview:large","max-video-preview":"max-video-preview:-1"},"og_locale":"de_DE","og_type":"article","og_title":"BanzaiBet Anmeldung: Ein vollst\u00e4ndiger Leitfaden f\u00fcr Einsteiger","og_description":"Finden Sie heraus, wie einfach und schnell es ist, sich bei BanzaiBet zu registrieren! Mit unserer vollst\u00e4ndigen Anleitung f\u00fcr Anf\u00e4nger \u00f6ffnen Sie die T\u00fcren zu einer Welt voller Gl\u00fccksspielabenteuer und gro\u00dfz\u00fcgiger Gewinne. Verpassen Sie nicht Ihre Chance - fangen Sie gleich jetzt an!","og_url":"https:\/\/banzai.team\/de\/registration\/","og_site_name":"Banzai Team de","article_modified_time":"2025-07-26T19:42:40+00:00","twitter_card":"summary_large_image","schema":{"@context":"https:\/\/schema.org","@graph":[{"@type":"WebPage","@id":"https:\/\/banzai.team\/de\/registration\/","url":"https:\/\/banzai.team\/de\/registration\/","name":"BanzaiBet Anmeldung: Ein vollst\u00e4ndiger Leitfaden f\u00fcr Einsteiger","isPartOf":{"@id":"https:\/\/banzai.team\/de\/#website"},"datePublished":"2025-07-08T08:43:24+00:00","dateModified":"2025-07-26T19:42:40+00:00","description":"Finden Sie heraus, wie einfach und schnell es ist, sich bei BanzaiBet zu registrieren! Mit unserer vollst\u00e4ndigen Anleitung f\u00fcr Anf\u00e4nger \u00f6ffnen Sie die T\u00fcren zu einer Welt voller Gl\u00fccksspielabenteuer und gro\u00dfz\u00fcgiger Gewinne. Verpassen Sie nicht Ihre Chance - fangen Sie gleich jetzt an!","breadcrumb":{"@id":"https:\/\/banzai.team\/de\/registration\/#breadcrumb"},"inLanguage":"de","potentialAction":[{"@type":"ReadAction","target":["https:\/\/banzai.team\/de\/registration\/"]}]},{"@type":"BreadcrumbList","@id":"https:\/\/banzai.team\/de\/registration\/#breadcrumb","itemListElement":[{"@type":"ListItem","position":1,"name":"Home","item":"https:\/\/banzai.team\/de\/"},{"@type":"ListItem","position":2,"name":"Anmeldung"}]},{"@type":"WebSite","@id":"https:\/\/banzai.team\/de\/#website","url":"https:\/\/banzai.team\/de\/","name":"Banzai Team de","description":"My WordPress Blog","potentialAction":[{"@type":"SearchAction","target":{"@type":"EntryPoint","urlTemplate":"https:\/\/banzai.team\/de\/?s={search_term_string}"},"query-input":{"@type":"PropertyValueSpecification","valueRequired":true,"valueName":"search_term_string"}}],"inLanguage":"de"}]}},"_links":{"self":[{"href":"https:\/\/banzai.team\/de\/wp-json\/wp\/v2\/pages\/357","targetHints":{"allow":["GET"]}}],"collection":[{"href":"https:\/\/banzai.team\/de\/wp-json\/wp\/v2\/pages"}],"about":[{"href":"https:\/\/banzai.team\/de\/wp-json\/wp\/v2\/types\/page"}],"author":[{"embeddable":true,"href":"https:\/\/banzai.team\/de\/wp-json\/wp\/v2\/users\/1"}],"replies":[{"embeddable":true,"href":"https:\/\/banzai.team\/de\/wp-json\/wp\/v2\/comments?post=357"}],"version-history":[{"count":10,"href":"https:\/\/banzai.team\/de\/wp-json\/wp\/v2\/pages\/357\/revisions"}],"predecessor-version":[{"id":500,"href":"https:\/\/banzai.team\/de\/wp-json\/wp\/v2\/pages\/357\/revisions\/500"}],"wp:attachment":[{"href":"https:\/\/banzai.team\/de\/wp-json\/wp\/v2\/media?parent=357"}],"curies":[{"name":"wp","href":"https:\/\/api.w.org\/{rel}","templated":true}]}}