{"id":427,"date":"2025-07-11T07:47:23","date_gmt":"2025-07-11T07:47:23","guid":{"rendered":"https:\/\/banzai.team\/de\/?page_id=427"},"modified":"2025-07-26T18:36:16","modified_gmt":"2025-07-26T18:36:16","slug":"fly-high","status":"publish","type":"page","link":"https:\/\/banzai.team\/de\/bonus\/fly-high\/","title":{"rendered":"Hoch hinausfliegen"},"content":{"rendered":"","protected":false},"excerpt":{"rendered":"","protected":false},"author":1,"featured_media":0,"parent":152,"menu_order":0,"comment_status":"closed","ping_status":"closed","template":"","meta":{"footnotes":""},"class_list":["post-427","page","type-page","status-publish","hentry"],"yoast_head":"<!-- This site is optimized with the Yoast SEO plugin v27.4 - https:\/\/yoast.com\/product\/yoast-seo-wordpress\/ -->\n<title>BanzaiBet Aviatrix Sommer-Turnier | \u20ac4.000.000 Preispool!<\/title>\n<meta name=\"description\" content=\"Nehmen Sie am Aviatrix-Sommerturnier von Banzai Bet Casino teil und gewinnen Sie Ihren Anteil am Preispool von 4.000.000 \u20ac! Platzieren Sie Ihre Wetten, sammeln Sie Punkte und verfolgen Sie Ihren Fortschritt im Turnier. Finden Sie heraus, wie Sie zu den gl\u00fccklichen Gewinnern geh\u00f6ren und Ihren Preis ohne Einsatzbedingungen abholen k\u00f6nnen!\" \/>\n<meta name=\"robots\" content=\"index, follow, max-snippet:-1, max-image-preview:large, max-video-preview:-1\" \/>\n<meta property=\"og:locale\" content=\"de_DE\" \/>\n<meta property=\"og:type\" content=\"article\" \/>\n<meta property=\"og:title\" content=\"BanzaiBet Aviatrix Sommer-Turnier | \u20ac4.000.000 Preispool!\" \/>\n<meta property=\"og:description\" content=\"Nehmen Sie am Aviatrix-Sommerturnier von Banzai Bet Casino teil und gewinnen Sie Ihren Anteil am Preispool von 4.000.000 \u20ac! Platzieren Sie Ihre Wetten, sammeln Sie Punkte und verfolgen Sie Ihren Fortschritt im Turnier. Finden Sie heraus, wie Sie zu den gl\u00fccklichen Gewinnern geh\u00f6ren und Ihren Preis ohne Einsatzbedingungen abholen k\u00f6nnen!\" \/>\n<meta property=\"og:url\" content=\"https:\/\/banzai.team\/de\/bonus\/fly-high\/\" \/>\n<meta property=\"og:site_name\" content=\"Banzai Team de\" \/>\n<meta property=\"article:modified_time\" content=\"2025-07-26T18:36:16+00:00\" \/>\n<meta name=\"twitter:card\" content=\"summary_large_image\" \/>\n<script type=\"application\/ld+json\" class=\"yoast-schema-graph\">{\"@context\":\"https:\\\/\\\/schema.org\",\"@graph\":[{\"@type\":\"WebPage\",\"@id\":\"https:\\\/\\\/banzai.team\\\/de\\\/bonus\\\/fly-high\\\/\",\"url\":\"https:\\\/\\\/banzai.team\\\/de\\\/bonus\\\/fly-high\\\/\",\"name\":\"BanzaiBet Aviatrix Sommer-Turnier | \u20ac4.000.000 Preispool!\",\"isPartOf\":{\"@id\":\"https:\\\/\\\/banzai.team\\\/de\\\/#website\"},\"datePublished\":\"2025-07-11T07:47:23+00:00\",\"dateModified\":\"2025-07-26T18:36:16+00:00\",\"description\":\"Nehmen Sie am Aviatrix-Sommerturnier von Banzai Bet Casino teil und gewinnen Sie Ihren Anteil am Preispool von 4.000.000 \u20ac! Platzieren Sie Ihre Wetten, sammeln Sie Punkte und verfolgen Sie Ihren Fortschritt im Turnier. Finden Sie heraus, wie Sie zu den gl\u00fccklichen Gewinnern geh\u00f6ren und Ihren Preis ohne Einsatzbedingungen abholen k\u00f6nnen!\",\"breadcrumb\":{\"@id\":\"https:\\\/\\\/banzai.team\\\/de\\\/bonus\\\/fly-high\\\/#breadcrumb\"},\"inLanguage\":\"de\",\"potentialAction\":[{\"@type\":\"ReadAction\",\"target\":[\"https:\\\/\\\/banzai.team\\\/de\\\/bonus\\\/fly-high\\\/\"]}]},{\"@type\":\"BreadcrumbList\",\"@id\":\"https:\\\/\\\/banzai.team\\\/de\\\/bonus\\\/fly-high\\\/#breadcrumb\",\"itemListElement\":[{\"@type\":\"ListItem\",\"position\":1,\"name\":\"Home\",\"item\":\"https:\\\/\\\/banzai.team\\\/de\\\/\"},{\"@type\":\"ListItem\",\"position\":2,\"name\":\"Bonus\",\"item\":\"https:\\\/\\\/banzai.team\\\/de\\\/bonus\\\/\"},{\"@type\":\"ListItem\",\"position\":3,\"name\":\"Hoch hinausfliegen\"}]},{\"@type\":\"WebSite\",\"@id\":\"https:\\\/\\\/banzai.team\\\/de\\\/#website\",\"url\":\"https:\\\/\\\/banzai.team\\\/de\\\/\",\"name\":\"Banzai Team de\",\"description\":\"My WordPress Blog\",\"potentialAction\":[{\"@type\":\"SearchAction\",\"target\":{\"@type\":\"EntryPoint\",\"urlTemplate\":\"https:\\\/\\\/banzai.team\\\/de\\\/?s={search_term_string}\"},\"query-input\":{\"@type\":\"PropertyValueSpecification\",\"valueRequired\":true,\"valueName\":\"search_term_string\"}}],\"inLanguage\":\"de\"}]}<\/script>\n<!-- \/ Yoast SEO plugin. -->","yoast_head_json":{"title":"BanzaiBet Aviatrix Sommer-Turnier | \u20ac4.000.000 Preispool!","description":"Nehmen Sie am Aviatrix-Sommerturnier von Banzai Bet Casino teil und gewinnen Sie Ihren Anteil am Preispool von 4.000.000 \u20ac! Platzieren Sie Ihre Wetten, sammeln Sie Punkte und verfolgen Sie Ihren Fortschritt im Turnier. Finden Sie heraus, wie Sie zu den gl\u00fccklichen Gewinnern geh\u00f6ren und Ihren Preis ohne Einsatzbedingungen abholen k\u00f6nnen!","robots":{"index":"index","follow":"follow","max-snippet":"max-snippet:-1","max-image-preview":"max-image-preview:large","max-video-preview":"max-video-preview:-1"},"og_locale":"de_DE","og_type":"article","og_title":"BanzaiBet Aviatrix Sommer-Turnier | \u20ac4.000.000 Preispool!","og_description":"Nehmen Sie am Aviatrix-Sommerturnier von Banzai Bet Casino teil und gewinnen Sie Ihren Anteil am Preispool von 4.000.000 \u20ac! Platzieren Sie Ihre Wetten, sammeln Sie Punkte und verfolgen Sie Ihren Fortschritt im Turnier. Finden Sie heraus, wie Sie zu den gl\u00fccklichen Gewinnern geh\u00f6ren und Ihren Preis ohne Einsatzbedingungen abholen k\u00f6nnen!","og_url":"https:\/\/banzai.team\/de\/bonus\/fly-high\/","og_site_name":"Banzai Team de","article_modified_time":"2025-07-26T18:36:16+00:00","twitter_card":"summary_large_image","schema":{"@context":"https:\/\/schema.org","@graph":[{"@type":"WebPage","@id":"https:\/\/banzai.team\/de\/bonus\/fly-high\/","url":"https:\/\/banzai.team\/de\/bonus\/fly-high\/","name":"BanzaiBet Aviatrix Sommer-Turnier | \u20ac4.000.000 Preispool!","isPartOf":{"@id":"https:\/\/banzai.team\/de\/#website"},"datePublished":"2025-07-11T07:47:23+00:00","dateModified":"2025-07-26T18:36:16+00:00","description":"Nehmen Sie am Aviatrix-Sommerturnier von Banzai Bet Casino teil und gewinnen Sie Ihren Anteil am Preispool von 4.000.000 \u20ac! Platzieren Sie Ihre Wetten, sammeln Sie Punkte und verfolgen Sie Ihren Fortschritt im Turnier. Finden Sie heraus, wie Sie zu den gl\u00fccklichen Gewinnern geh\u00f6ren und Ihren Preis ohne Einsatzbedingungen abholen k\u00f6nnen!","breadcrumb":{"@id":"https:\/\/banzai.team\/de\/bonus\/fly-high\/#breadcrumb"},"inLanguage":"de","potentialAction":[{"@type":"ReadAction","target":["https:\/\/banzai.team\/de\/bonus\/fly-high\/"]}]},{"@type":"BreadcrumbList","@id":"https:\/\/banzai.team\/de\/bonus\/fly-high\/#breadcrumb","itemListElement":[{"@type":"ListItem","position":1,"name":"Home","item":"https:\/\/banzai.team\/de\/"},{"@type":"ListItem","position":2,"name":"Bonus","item":"https:\/\/banzai.team\/de\/bonus\/"},{"@type":"ListItem","position":3,"name":"Hoch hinausfliegen"}]},{"@type":"WebSite","@id":"https:\/\/banzai.team\/de\/#website","url":"https:\/\/banzai.team\/de\/","name":"Banzai Team de","description":"My WordPress Blog","potentialAction":[{"@type":"SearchAction","target":{"@type":"EntryPoint","urlTemplate":"https:\/\/banzai.team\/de\/?s={search_term_string}"},"query-input":{"@type":"PropertyValueSpecification","valueRequired":true,"valueName":"search_term_string"}}],"inLanguage":"de"}]}},"_links":{"self":[{"href":"https:\/\/banzai.team\/de\/wp-json\/wp\/v2\/pages\/427","targetHints":{"allow":["GET"]}}],"collection":[{"href":"https:\/\/banzai.team\/de\/wp-json\/wp\/v2\/pages"}],"about":[{"href":"https:\/\/banzai.team\/de\/wp-json\/wp\/v2\/types\/page"}],"author":[{"embeddable":true,"href":"https:\/\/banzai.team\/de\/wp-json\/wp\/v2\/users\/1"}],"replies":[{"embeddable":true,"href":"https:\/\/banzai.team\/de\/wp-json\/wp\/v2\/comments?post=427"}],"version-history":[{"count":3,"href":"https:\/\/banzai.team\/de\/wp-json\/wp\/v2\/pages\/427\/revisions"}],"predecessor-version":[{"id":484,"href":"https:\/\/banzai.team\/de\/wp-json\/wp\/v2\/pages\/427\/revisions\/484"}],"up":[{"embeddable":true,"href":"https:\/\/banzai.team\/de\/wp-json\/wp\/v2\/pages\/152"}],"wp:attachment":[{"href":"https:\/\/banzai.team\/de\/wp-json\/wp\/v2\/media?parent=427"}],"curies":[{"name":"wp","href":"https:\/\/api.w.org\/{rel}","templated":true}]}}