{"id":433,"date":"2025-07-11T08:25:13","date_gmt":"2025-07-11T08:25:13","guid":{"rendered":"https:\/\/banzai.team\/de\/?page_id=433"},"modified":"2025-07-26T18:41:07","modified_gmt":"2025-07-26T18:41:07","slug":"welcome-package","status":"publish","type":"page","link":"https:\/\/banzai.team\/de\/bonus\/welcome-package\/","title":{"rendered":"Willkommenspaket"},"content":{"rendered":"","protected":false},"excerpt":{"rendered":"","protected":false},"author":1,"featured_media":0,"parent":152,"menu_order":0,"comment_status":"closed","ping_status":"closed","template":"","meta":{"footnotes":""},"class_list":["post-433","page","type-page","status-publish","hentry"],"yoast_head":"<!-- This site is optimized with the Yoast SEO plugin v27.4 - https:\/\/yoast.com\/product\/yoast-seo-wordpress\/ -->\n<title>Banzai Bet Willkommenspaket | 5 Geschenke f\u00fcr erste Einzahlungen!<\/title>\n<meta name=\"description\" content=\"Werden Sie Mitglied bei Banzai Bet und erhalten Sie ein Willkommenspaket mit f\u00fcnf Geschenken f\u00fcr Ihre ersten f\u00fcnf Einzahlungen! Registrieren Sie sich, aktivieren Sie Ihre Boni und genie\u00dfen Sie die Spiele.\" \/>\n<meta name=\"robots\" content=\"index, follow, max-snippet:-1, max-image-preview:large, max-video-preview:-1\" \/>\n<meta property=\"og:locale\" content=\"de_DE\" \/>\n<meta property=\"og:type\" content=\"article\" \/>\n<meta property=\"og:title\" content=\"Banzai Bet Willkommenspaket | 5 Geschenke f\u00fcr erste Einzahlungen!\" \/>\n<meta property=\"og:description\" content=\"Werden Sie Mitglied bei Banzai Bet und erhalten Sie ein Willkommenspaket mit f\u00fcnf Geschenken f\u00fcr Ihre ersten f\u00fcnf Einzahlungen! Registrieren Sie sich, aktivieren Sie Ihre Boni und genie\u00dfen Sie die Spiele.\" \/>\n<meta property=\"og:url\" content=\"https:\/\/banzai.team\/de\/bonus\/welcome-package\/\" \/>\n<meta property=\"og:site_name\" content=\"Banzai Team de\" \/>\n<meta property=\"article:modified_time\" content=\"2025-07-26T18:41:07+00:00\" \/>\n<meta name=\"twitter:card\" content=\"summary_large_image\" \/>\n<script type=\"application\/ld+json\" class=\"yoast-schema-graph\">{\"@context\":\"https:\\\/\\\/schema.org\",\"@graph\":[{\"@type\":\"WebPage\",\"@id\":\"https:\\\/\\\/banzai.team\\\/de\\\/bonus\\\/welcome-package\\\/\",\"url\":\"https:\\\/\\\/banzai.team\\\/de\\\/bonus\\\/welcome-package\\\/\",\"name\":\"Banzai Bet Willkommenspaket | 5 Geschenke f\u00fcr erste Einzahlungen!\",\"isPartOf\":{\"@id\":\"https:\\\/\\\/banzai.team\\\/de\\\/#website\"},\"datePublished\":\"2025-07-11T08:25:13+00:00\",\"dateModified\":\"2025-07-26T18:41:07+00:00\",\"description\":\"Werden Sie Mitglied bei Banzai Bet und erhalten Sie ein Willkommenspaket mit f\u00fcnf Geschenken f\u00fcr Ihre ersten f\u00fcnf Einzahlungen! Registrieren Sie sich, aktivieren Sie Ihre Boni und genie\u00dfen Sie die Spiele.\",\"breadcrumb\":{\"@id\":\"https:\\\/\\\/banzai.team\\\/de\\\/bonus\\\/welcome-package\\\/#breadcrumb\"},\"inLanguage\":\"de\",\"potentialAction\":[{\"@type\":\"ReadAction\",\"target\":[\"https:\\\/\\\/banzai.team\\\/de\\\/bonus\\\/welcome-package\\\/\"]}]},{\"@type\":\"BreadcrumbList\",\"@id\":\"https:\\\/\\\/banzai.team\\\/de\\\/bonus\\\/welcome-package\\\/#breadcrumb\",\"itemListElement\":[{\"@type\":\"ListItem\",\"position\":1,\"name\":\"Home\",\"item\":\"https:\\\/\\\/banzai.team\\\/de\\\/\"},{\"@type\":\"ListItem\",\"position\":2,\"name\":\"Bonus\",\"item\":\"https:\\\/\\\/banzai.team\\\/de\\\/bonus\\\/\"},{\"@type\":\"ListItem\",\"position\":3,\"name\":\"Willkommenspaket\"}]},{\"@type\":\"WebSite\",\"@id\":\"https:\\\/\\\/banzai.team\\\/de\\\/#website\",\"url\":\"https:\\\/\\\/banzai.team\\\/de\\\/\",\"name\":\"Banzai Team de\",\"description\":\"My WordPress Blog\",\"potentialAction\":[{\"@type\":\"SearchAction\",\"target\":{\"@type\":\"EntryPoint\",\"urlTemplate\":\"https:\\\/\\\/banzai.team\\\/de\\\/?s={search_term_string}\"},\"query-input\":{\"@type\":\"PropertyValueSpecification\",\"valueRequired\":true,\"valueName\":\"search_term_string\"}}],\"inLanguage\":\"de\"}]}<\/script>\n<!-- \/ Yoast SEO plugin. -->","yoast_head_json":{"title":"Banzai Bet Willkommenspaket | 5 Geschenke f\u00fcr erste Einzahlungen!","description":"Werden Sie Mitglied bei Banzai Bet und erhalten Sie ein Willkommenspaket mit f\u00fcnf Geschenken f\u00fcr Ihre ersten f\u00fcnf Einzahlungen! Registrieren Sie sich, aktivieren Sie Ihre Boni und genie\u00dfen Sie die Spiele.","robots":{"index":"index","follow":"follow","max-snippet":"max-snippet:-1","max-image-preview":"max-image-preview:large","max-video-preview":"max-video-preview:-1"},"og_locale":"de_DE","og_type":"article","og_title":"Banzai Bet Willkommenspaket | 5 Geschenke f\u00fcr erste Einzahlungen!","og_description":"Werden Sie Mitglied bei Banzai Bet und erhalten Sie ein Willkommenspaket mit f\u00fcnf Geschenken f\u00fcr Ihre ersten f\u00fcnf Einzahlungen! Registrieren Sie sich, aktivieren Sie Ihre Boni und genie\u00dfen Sie die Spiele.","og_url":"https:\/\/banzai.team\/de\/bonus\/welcome-package\/","og_site_name":"Banzai Team de","article_modified_time":"2025-07-26T18:41:07+00:00","twitter_card":"summary_large_image","schema":{"@context":"https:\/\/schema.org","@graph":[{"@type":"WebPage","@id":"https:\/\/banzai.team\/de\/bonus\/welcome-package\/","url":"https:\/\/banzai.team\/de\/bonus\/welcome-package\/","name":"Banzai Bet Willkommenspaket | 5 Geschenke f\u00fcr erste Einzahlungen!","isPartOf":{"@id":"https:\/\/banzai.team\/de\/#website"},"datePublished":"2025-07-11T08:25:13+00:00","dateModified":"2025-07-26T18:41:07+00:00","description":"Werden Sie Mitglied bei Banzai Bet und erhalten Sie ein Willkommenspaket mit f\u00fcnf Geschenken f\u00fcr Ihre ersten f\u00fcnf Einzahlungen! Registrieren Sie sich, aktivieren Sie Ihre Boni und genie\u00dfen Sie die Spiele.","breadcrumb":{"@id":"https:\/\/banzai.team\/de\/bonus\/welcome-package\/#breadcrumb"},"inLanguage":"de","potentialAction":[{"@type":"ReadAction","target":["https:\/\/banzai.team\/de\/bonus\/welcome-package\/"]}]},{"@type":"BreadcrumbList","@id":"https:\/\/banzai.team\/de\/bonus\/welcome-package\/#breadcrumb","itemListElement":[{"@type":"ListItem","position":1,"name":"Home","item":"https:\/\/banzai.team\/de\/"},{"@type":"ListItem","position":2,"name":"Bonus","item":"https:\/\/banzai.team\/de\/bonus\/"},{"@type":"ListItem","position":3,"name":"Willkommenspaket"}]},{"@type":"WebSite","@id":"https:\/\/banzai.team\/de\/#website","url":"https:\/\/banzai.team\/de\/","name":"Banzai Team de","description":"My WordPress Blog","potentialAction":[{"@type":"SearchAction","target":{"@type":"EntryPoint","urlTemplate":"https:\/\/banzai.team\/de\/?s={search_term_string}"},"query-input":{"@type":"PropertyValueSpecification","valueRequired":true,"valueName":"search_term_string"}}],"inLanguage":"de"}]}},"_links":{"self":[{"href":"https:\/\/banzai.team\/de\/wp-json\/wp\/v2\/pages\/433","targetHints":{"allow":["GET"]}}],"collection":[{"href":"https:\/\/banzai.team\/de\/wp-json\/wp\/v2\/pages"}],"about":[{"href":"https:\/\/banzai.team\/de\/wp-json\/wp\/v2\/types\/page"}],"author":[{"embeddable":true,"href":"https:\/\/banzai.team\/de\/wp-json\/wp\/v2\/users\/1"}],"replies":[{"embeddable":true,"href":"https:\/\/banzai.team\/de\/wp-json\/wp\/v2\/comments?post=433"}],"version-history":[{"count":5,"href":"https:\/\/banzai.team\/de\/wp-json\/wp\/v2\/pages\/433\/revisions"}],"predecessor-version":[{"id":489,"href":"https:\/\/banzai.team\/de\/wp-json\/wp\/v2\/pages\/433\/revisions\/489"}],"up":[{"embeddable":true,"href":"https:\/\/banzai.team\/de\/wp-json\/wp\/v2\/pages\/152"}],"wp:attachment":[{"href":"https:\/\/banzai.team\/de\/wp-json\/wp\/v2\/media?parent=433"}],"curies":[{"name":"wp","href":"https:\/\/api.w.org\/{rel}","templated":true}]}}