{"id":2,"date":"2024-05-18T17:18:34","date_gmt":"2024-05-18T17:18:34","guid":{"rendered":"https:\/\/banzai.team\/es\/?page_id=2"},"modified":"2025-07-28T05:12:17","modified_gmt":"2025-07-28T05:12:17","slug":"sample-page","status":"publish","type":"page","link":"https:\/\/banzai.team\/es\/","title":{"rendered":"Inicio"},"content":{"rendered":"","protected":false},"excerpt":{"rendered":"","protected":false},"author":1,"featured_media":0,"parent":0,"menu_order":0,"comment_status":"closed","ping_status":"closed","template":"","meta":{"footnotes":""},"class_list":["post-2","page","type-page","status-publish","hentry"],"yoast_head":"<!-- This site is optimized with the Yoast SEO plugin v23.2 - https:\/\/yoast.com\/wordpress\/plugins\/seo\/ -->\n<title>Banzai Bet Casino y Apuestas \u2b50 Reg\u00edstrate<\/title>\n<meta name=\"description\" content=\"Experimente la emoci\u00f3n y las recompensas con una amplia selecci\u00f3n de tragaperras y juegos de mesa en el sitio web oficial de Banzai.Bet. Pruebe su suerte y consiga una oferta de primer dep\u00f3sito del 150% con tiradas gratis en el casino en vivo BanzaiBET\" \/>\n<meta name=\"robots\" content=\"index, follow, max-snippet:-1, max-image-preview:large, max-video-preview:-1\" \/>\n<meta property=\"og:locale\" content=\"es_ES\" \/>\n<meta property=\"og:type\" content=\"article\" \/>\n<meta property=\"og:title\" content=\"Banzai Bet Casino y Apuestas \u2b50 Reg\u00edstrate\" \/>\n<meta property=\"og:description\" content=\"Experimente la emoci\u00f3n y las recompensas con una amplia selecci\u00f3n de tragaperras y juegos de mesa en el sitio web oficial de Banzai.Bet. Pruebe su suerte y consiga una oferta de primer dep\u00f3sito del 150% con tiradas gratis en el casino en vivo BanzaiBET\" \/>\n<meta property=\"og:url\" content=\"https:\/\/banzai.team\/es\/\" \/>\n<meta property=\"og:site_name\" content=\"Banzai Team es\" \/>\n<meta property=\"article:modified_time\" content=\"2025-07-28T05:12:17+00:00\" \/>\n<meta name=\"twitter:card\" content=\"summary_large_image\" \/>\n<script type=\"application\/ld+json\" class=\"yoast-schema-graph\">{\"@context\":\"https:\/\/schema.org\",\"@graph\":[{\"@type\":\"WebPage\",\"@id\":\"https:\/\/banzai.team\/es\/\",\"url\":\"https:\/\/banzai.team\/es\/\",\"name\":\"Banzai Bet Casino y Apuestas \u2b50 Reg\u00edstrate\",\"isPartOf\":{\"@id\":\"https:\/\/banzai.team\/es\/#website\"},\"datePublished\":\"2024-05-18T17:18:34+00:00\",\"dateModified\":\"2025-07-28T05:12:17+00:00\",\"description\":\"Experimente la emoci\u00f3n y las recompensas con una amplia selecci\u00f3n de tragaperras y juegos de mesa en el sitio web oficial de Banzai.Bet. Pruebe su suerte y consiga una oferta de primer dep\u00f3sito del 150% con tiradas gratis en el casino en vivo BanzaiBET\",\"breadcrumb\":{\"@id\":\"https:\/\/banzai.team\/es\/#breadcrumb\"},\"inLanguage\":\"es\",\"potentialAction\":[{\"@type\":\"ReadAction\",\"target\":[\"https:\/\/banzai.team\/es\/\"]}]},{\"@type\":\"BreadcrumbList\",\"@id\":\"https:\/\/banzai.team\/es\/#breadcrumb\",\"itemListElement\":[{\"@type\":\"ListItem\",\"position\":1,\"name\":\"Home\",\"item\":\"https:\/\/banzai.team\/es\/\"},{\"@type\":\"ListItem\",\"position\":2,\"name\":\"Inicio\"}]},{\"@type\":\"WebSite\",\"@id\":\"https:\/\/banzai.team\/es\/#website\",\"url\":\"https:\/\/banzai.team\/es\/\",\"name\":\"Banzai Team es\",\"description\":\"My WordPress Blog\",\"potentialAction\":[{\"@type\":\"SearchAction\",\"target\":{\"@type\":\"EntryPoint\",\"urlTemplate\":\"https:\/\/banzai.team\/es\/?s={search_term_string}\"},\"query-input\":\"required name=search_term_string\"}],\"inLanguage\":\"es\"}]}<\/script>\n<!-- \/ Yoast SEO plugin. -->","yoast_head_json":{"title":"Banzai Bet Casino y Apuestas \u2b50 Reg\u00edstrate","description":"Experimente la emoci\u00f3n y las recompensas con una amplia selecci\u00f3n de tragaperras y juegos de mesa en el sitio web oficial de Banzai.Bet. Pruebe su suerte y consiga una oferta de primer dep\u00f3sito del 150% con tiradas gratis en el casino en vivo BanzaiBET","robots":{"index":"index","follow":"follow","max-snippet":"max-snippet:-1","max-image-preview":"max-image-preview:large","max-video-preview":"max-video-preview:-1"},"og_locale":"es_ES","og_type":"article","og_title":"Banzai Bet Casino y Apuestas \u2b50 Reg\u00edstrate","og_description":"Experimente la emoci\u00f3n y las recompensas con una amplia selecci\u00f3n de tragaperras y juegos de mesa en el sitio web oficial de Banzai.Bet. Pruebe su suerte y consiga una oferta de primer dep\u00f3sito del 150% con tiradas gratis en el casino en vivo BanzaiBET","og_url":"https:\/\/banzai.team\/es\/","og_site_name":"Banzai Team es","article_modified_time":"2025-07-28T05:12:17+00:00","twitter_card":"summary_large_image","schema":{"@context":"https:\/\/schema.org","@graph":[{"@type":"WebPage","@id":"https:\/\/banzai.team\/es\/","url":"https:\/\/banzai.team\/es\/","name":"Banzai Bet Casino y Apuestas \u2b50 Reg\u00edstrate","isPartOf":{"@id":"https:\/\/banzai.team\/es\/#website"},"datePublished":"2024-05-18T17:18:34+00:00","dateModified":"2025-07-28T05:12:17+00:00","description":"Experimente la emoci\u00f3n y las recompensas con una amplia selecci\u00f3n de tragaperras y juegos de mesa en el sitio web oficial de Banzai.Bet. Pruebe su suerte y consiga una oferta de primer dep\u00f3sito del 150% con tiradas gratis en el casino en vivo BanzaiBET","breadcrumb":{"@id":"https:\/\/banzai.team\/es\/#breadcrumb"},"inLanguage":"es","potentialAction":[{"@type":"ReadAction","target":["https:\/\/banzai.team\/es\/"]}]},{"@type":"BreadcrumbList","@id":"https:\/\/banzai.team\/es\/#breadcrumb","itemListElement":[{"@type":"ListItem","position":1,"name":"Home","item":"https:\/\/banzai.team\/es\/"},{"@type":"ListItem","position":2,"name":"Inicio"}]},{"@type":"WebSite","@id":"https:\/\/banzai.team\/es\/#website","url":"https:\/\/banzai.team\/es\/","name":"Banzai Team es","description":"My WordPress Blog","potentialAction":[{"@type":"SearchAction","target":{"@type":"EntryPoint","urlTemplate":"https:\/\/banzai.team\/es\/?s={search_term_string}"},"query-input":"required name=search_term_string"}],"inLanguage":"es"}]}},"_links":{"self":[{"href":"https:\/\/banzai.team\/es\/wp-json\/wp\/v2\/pages\/2","targetHints":{"allow":["GET"]}}],"collection":[{"href":"https:\/\/banzai.team\/es\/wp-json\/wp\/v2\/pages"}],"about":[{"href":"https:\/\/banzai.team\/es\/wp-json\/wp\/v2\/types\/page"}],"author":[{"embeddable":true,"href":"https:\/\/banzai.team\/es\/wp-json\/wp\/v2\/users\/1"}],"replies":[{"embeddable":true,"href":"https:\/\/banzai.team\/es\/wp-json\/wp\/v2\/comments?post=2"}],"version-history":[{"count":55,"href":"https:\/\/banzai.team\/es\/wp-json\/wp\/v2\/pages\/2\/revisions"}],"predecessor-version":[{"id":510,"href":"https:\/\/banzai.team\/es\/wp-json\/wp\/v2\/pages\/2\/revisions\/510"}],"wp:attachment":[{"href":"https:\/\/banzai.team\/es\/wp-json\/wp\/v2\/media?parent=2"}],"curies":[{"name":"wp","href":"https:\/\/api.w.org\/{rel}","templated":true}]}}