{"id":331,"date":"2025-07-07T13:49:26","date_gmt":"2025-07-07T13:49:26","guid":{"rendered":"https:\/\/banzai.team\/es\/?page_id=331"},"modified":"2025-07-28T05:18:41","modified_gmt":"2025-07-28T05:18:41","slug":"login","status":"publish","type":"page","link":"https:\/\/banzai.team\/es\/login\/","title":{"rendered":"Inicio de sesi\u00f3n"},"content":{"rendered":"","protected":false},"excerpt":{"rendered":"","protected":false},"author":1,"featured_media":0,"parent":0,"menu_order":0,"comment_status":"closed","ping_status":"closed","template":"","meta":{"footnotes":""},"class_list":["post-331","page","type-page","status-publish","hentry"],"yoast_head":"<!-- This site is optimized with the Yoast SEO plugin v27.4 - https:\/\/yoast.com\/product\/yoast-seo-wordpress\/ -->\n<title>BanzaiBet Acceso | Autorizaci\u00f3n y restauraci\u00f3n de la cuenta<\/title>\n<meta name=\"description\" content=\"Login Banzai Bet: \u00a1todos los secretos de la autorizaci\u00f3n y la recuperaci\u00f3n de cuenta! Aprenda a conectarse r\u00e1pidamente a su cuenta de forma segura y \u00a1empiece a apostar!\" \/>\n<meta name=\"robots\" content=\"index, follow, max-snippet:-1, max-image-preview:large, max-video-preview:-1\" \/>\n<meta property=\"og:locale\" content=\"es_ES\" \/>\n<meta property=\"og:type\" content=\"article\" \/>\n<meta property=\"og:title\" content=\"BanzaiBet Acceso | Autorizaci\u00f3n y restauraci\u00f3n de la cuenta\" \/>\n<meta property=\"og:description\" content=\"Login Banzai Bet: \u00a1todos los secretos de la autorizaci\u00f3n y la recuperaci\u00f3n de cuenta! Aprenda a conectarse r\u00e1pidamente a su cuenta de forma segura y \u00a1empiece a apostar!\" \/>\n<meta property=\"og:url\" content=\"https:\/\/banzai.team\/es\/login\/\" \/>\n<meta property=\"og:site_name\" content=\"Banzai Team es\" \/>\n<meta property=\"article:modified_time\" content=\"2025-07-28T05:18:41+00:00\" \/>\n<meta name=\"twitter:card\" content=\"summary_large_image\" \/>\n<script type=\"application\/ld+json\" class=\"yoast-schema-graph\">{\"@context\":\"https:\\\/\\\/schema.org\",\"@graph\":[{\"@type\":\"WebPage\",\"@id\":\"https:\\\/\\\/banzai.team\\\/es\\\/login\\\/\",\"url\":\"https:\\\/\\\/banzai.team\\\/es\\\/login\\\/\",\"name\":\"BanzaiBet Acceso | Autorizaci\u00f3n y restauraci\u00f3n de la cuenta\",\"isPartOf\":{\"@id\":\"https:\\\/\\\/banzai.team\\\/es\\\/#website\"},\"datePublished\":\"2025-07-07T13:49:26+00:00\",\"dateModified\":\"2025-07-28T05:18:41+00:00\",\"description\":\"Login Banzai Bet: \u00a1todos los secretos de la autorizaci\u00f3n y la recuperaci\u00f3n de cuenta! Aprenda a conectarse r\u00e1pidamente a su cuenta de forma segura y \u00a1empiece a apostar!\",\"breadcrumb\":{\"@id\":\"https:\\\/\\\/banzai.team\\\/es\\\/login\\\/#breadcrumb\"},\"inLanguage\":\"es\",\"potentialAction\":[{\"@type\":\"ReadAction\",\"target\":[\"https:\\\/\\\/banzai.team\\\/es\\\/login\\\/\"]}]},{\"@type\":\"BreadcrumbList\",\"@id\":\"https:\\\/\\\/banzai.team\\\/es\\\/login\\\/#breadcrumb\",\"itemListElement\":[{\"@type\":\"ListItem\",\"position\":1,\"name\":\"Home\",\"item\":\"https:\\\/\\\/banzai.team\\\/es\\\/\"},{\"@type\":\"ListItem\",\"position\":2,\"name\":\"Inicio de sesi\u00f3n\"}]},{\"@type\":\"WebSite\",\"@id\":\"https:\\\/\\\/banzai.team\\\/es\\\/#website\",\"url\":\"https:\\\/\\\/banzai.team\\\/es\\\/\",\"name\":\"Banzai Team es\",\"description\":\"My WordPress Blog\",\"potentialAction\":[{\"@type\":\"SearchAction\",\"target\":{\"@type\":\"EntryPoint\",\"urlTemplate\":\"https:\\\/\\\/banzai.team\\\/es\\\/?s={search_term_string}\"},\"query-input\":{\"@type\":\"PropertyValueSpecification\",\"valueRequired\":true,\"valueName\":\"search_term_string\"}}],\"inLanguage\":\"es\"}]}<\/script>\n<!-- \/ Yoast SEO plugin. -->","yoast_head_json":{"title":"BanzaiBet Acceso | Autorizaci\u00f3n y restauraci\u00f3n de la cuenta","description":"Login Banzai Bet: \u00a1todos los secretos de la autorizaci\u00f3n y la recuperaci\u00f3n de cuenta! Aprenda a conectarse r\u00e1pidamente a su cuenta de forma segura y \u00a1empiece a apostar!","robots":{"index":"index","follow":"follow","max-snippet":"max-snippet:-1","max-image-preview":"max-image-preview:large","max-video-preview":"max-video-preview:-1"},"og_locale":"es_ES","og_type":"article","og_title":"BanzaiBet Acceso | Autorizaci\u00f3n y restauraci\u00f3n de la cuenta","og_description":"Login Banzai Bet: \u00a1todos los secretos de la autorizaci\u00f3n y la recuperaci\u00f3n de cuenta! Aprenda a conectarse r\u00e1pidamente a su cuenta de forma segura y \u00a1empiece a apostar!","og_url":"https:\/\/banzai.team\/es\/login\/","og_site_name":"Banzai Team es","article_modified_time":"2025-07-28T05:18:41+00:00","twitter_card":"summary_large_image","schema":{"@context":"https:\/\/schema.org","@graph":[{"@type":"WebPage","@id":"https:\/\/banzai.team\/es\/login\/","url":"https:\/\/banzai.team\/es\/login\/","name":"BanzaiBet Acceso | Autorizaci\u00f3n y restauraci\u00f3n de la cuenta","isPartOf":{"@id":"https:\/\/banzai.team\/es\/#website"},"datePublished":"2025-07-07T13:49:26+00:00","dateModified":"2025-07-28T05:18:41+00:00","description":"Login Banzai Bet: \u00a1todos los secretos de la autorizaci\u00f3n y la recuperaci\u00f3n de cuenta! Aprenda a conectarse r\u00e1pidamente a su cuenta de forma segura y \u00a1empiece a apostar!","breadcrumb":{"@id":"https:\/\/banzai.team\/es\/login\/#breadcrumb"},"inLanguage":"es","potentialAction":[{"@type":"ReadAction","target":["https:\/\/banzai.team\/es\/login\/"]}]},{"@type":"BreadcrumbList","@id":"https:\/\/banzai.team\/es\/login\/#breadcrumb","itemListElement":[{"@type":"ListItem","position":1,"name":"Home","item":"https:\/\/banzai.team\/es\/"},{"@type":"ListItem","position":2,"name":"Inicio de sesi\u00f3n"}]},{"@type":"WebSite","@id":"https:\/\/banzai.team\/es\/#website","url":"https:\/\/banzai.team\/es\/","name":"Banzai Team es","description":"My WordPress Blog","potentialAction":[{"@type":"SearchAction","target":{"@type":"EntryPoint","urlTemplate":"https:\/\/banzai.team\/es\/?s={search_term_string}"},"query-input":{"@type":"PropertyValueSpecification","valueRequired":true,"valueName":"search_term_string"}}],"inLanguage":"es"}]}},"_links":{"self":[{"href":"https:\/\/banzai.team\/es\/wp-json\/wp\/v2\/pages\/331","targetHints":{"allow":["GET"]}}],"collection":[{"href":"https:\/\/banzai.team\/es\/wp-json\/wp\/v2\/pages"}],"about":[{"href":"https:\/\/banzai.team\/es\/wp-json\/wp\/v2\/types\/page"}],"author":[{"embeddable":true,"href":"https:\/\/banzai.team\/es\/wp-json\/wp\/v2\/users\/1"}],"replies":[{"embeddable":true,"href":"https:\/\/banzai.team\/es\/wp-json\/wp\/v2\/comments?post=331"}],"version-history":[{"count":8,"href":"https:\/\/banzai.team\/es\/wp-json\/wp\/v2\/pages\/331\/revisions"}],"predecessor-version":[{"id":506,"href":"https:\/\/banzai.team\/es\/wp-json\/wp\/v2\/pages\/331\/revisions\/506"}],"wp:attachment":[{"href":"https:\/\/banzai.team\/es\/wp-json\/wp\/v2\/media?parent=331"}],"curies":[{"name":"wp","href":"https:\/\/api.w.org\/{rel}","templated":true}]}}