{"id":152,"date":"2023-05-18T17:39:43","date_gmt":"2023-05-18T17:39:43","guid":{"rendered":"https:\/\/banzai.team\/hu\/?page_id=152"},"modified":"2025-08-27T18:35:01","modified_gmt":"2025-08-27T18:35:01","slug":"bonus","status":"publish","type":"page","link":"https:\/\/banzai.team\/hu\/bonus\/","title":{"rendered":"B\u00f3nusz"},"content":{"rendered":"","protected":false},"excerpt":{"rendered":"","protected":false},"author":1,"featured_media":0,"parent":0,"menu_order":0,"comment_status":"closed","ping_status":"closed","template":"","meta":{"footnotes":""},"class_list":["post-152","page","type-page","status-publish","hentry"],"yoast_head":"<!-- This site is optimized with the Yoast SEO plugin v27.4 - https:\/\/yoast.com\/product\/yoast-seo-wordpress\/ -->\n<title>Banzai Bet legjobb b\u00f3nuszok \u2714 Aj\u00e1nlatok \u00e9s prom\u00f3ci\u00f3s k\u00f3dok<\/title>\n<meta name=\"description\" content=\"Fedezze fel a Banzai Bet fantasztikus b\u00f3nuszait! Ne hagyja ki a lehet\u0151s\u00e9get, hogy nagylelk\u0171 aj\u00e1nlatainkkal \u00e9s prom\u00f3ci\u00f3s k\u00f3djainkkal n\u00f6velje bankrollj\u00e1t. J\u00f6jj\u00f6n be \u00e9s vegye el, ami az \u00d6n\u00e9 \u2013 a j\u00e1t\u00e9k csak most kezd\u0151dik!\" \/>\n<meta name=\"robots\" content=\"index, follow, max-snippet:-1, max-image-preview:large, max-video-preview:-1\" \/>\n<meta property=\"og:locale\" content=\"hu_HU\" \/>\n<meta property=\"og:type\" content=\"article\" \/>\n<meta property=\"og:title\" content=\"Banzai Bet legjobb b\u00f3nuszok \u2714 Aj\u00e1nlatok \u00e9s prom\u00f3ci\u00f3s k\u00f3dok\" \/>\n<meta property=\"og:description\" content=\"Fedezze fel a Banzai Bet fantasztikus b\u00f3nuszait! Ne hagyja ki a lehet\u0151s\u00e9get, hogy nagylelk\u0171 aj\u00e1nlatainkkal \u00e9s prom\u00f3ci\u00f3s k\u00f3djainkkal n\u00f6velje bankrollj\u00e1t. J\u00f6jj\u00f6n be \u00e9s vegye el, ami az \u00d6n\u00e9 \u2013 a j\u00e1t\u00e9k csak most kezd\u0151dik!\" \/>\n<meta property=\"og:url\" content=\"https:\/\/banzai.team\/hu\/bonus\/\" \/>\n<meta property=\"og:site_name\" content=\"Banzai Team hu\" \/>\n<meta property=\"article:modified_time\" content=\"2025-08-27T18:35:01+00:00\" \/>\n<meta name=\"twitter:card\" content=\"summary_large_image\" \/>\n<script type=\"application\/ld+json\" class=\"yoast-schema-graph\">{\"@context\":\"https:\\\/\\\/schema.org\",\"@graph\":[{\"@type\":\"WebPage\",\"@id\":\"https:\\\/\\\/banzai.team\\\/hu\\\/bonus\\\/\",\"url\":\"https:\\\/\\\/banzai.team\\\/hu\\\/bonus\\\/\",\"name\":\"Banzai Bet legjobb b\u00f3nuszok \u2714 Aj\u00e1nlatok \u00e9s prom\u00f3ci\u00f3s k\u00f3dok\",\"isPartOf\":{\"@id\":\"https:\\\/\\\/banzai.team\\\/hu\\\/#website\"},\"datePublished\":\"2023-05-18T17:39:43+00:00\",\"dateModified\":\"2025-08-27T18:35:01+00:00\",\"description\":\"Fedezze fel a Banzai Bet fantasztikus b\u00f3nuszait! Ne hagyja ki a lehet\u0151s\u00e9get, hogy nagylelk\u0171 aj\u00e1nlatainkkal \u00e9s prom\u00f3ci\u00f3s k\u00f3djainkkal n\u00f6velje bankrollj\u00e1t. J\u00f6jj\u00f6n be \u00e9s vegye el, ami az \u00d6n\u00e9 \u2013 a j\u00e1t\u00e9k csak most kezd\u0151dik!\",\"breadcrumb\":{\"@id\":\"https:\\\/\\\/banzai.team\\\/hu\\\/bonus\\\/#breadcrumb\"},\"inLanguage\":\"hu\",\"potentialAction\":[{\"@type\":\"ReadAction\",\"target\":[\"https:\\\/\\\/banzai.team\\\/hu\\\/bonus\\\/\"]}]},{\"@type\":\"BreadcrumbList\",\"@id\":\"https:\\\/\\\/banzai.team\\\/hu\\\/bonus\\\/#breadcrumb\",\"itemListElement\":[{\"@type\":\"ListItem\",\"position\":1,\"name\":\"Home\",\"item\":\"https:\\\/\\\/banzai.team\\\/hu\\\/\"},{\"@type\":\"ListItem\",\"position\":2,\"name\":\"B\u00f3nusz\"}]},{\"@type\":\"WebSite\",\"@id\":\"https:\\\/\\\/banzai.team\\\/hu\\\/#website\",\"url\":\"https:\\\/\\\/banzai.team\\\/hu\\\/\",\"name\":\"Banzai Team hu\",\"description\":\"My WordPress Blog\",\"potentialAction\":[{\"@type\":\"SearchAction\",\"target\":{\"@type\":\"EntryPoint\",\"urlTemplate\":\"https:\\\/\\\/banzai.team\\\/hu\\\/?s={search_term_string}\"},\"query-input\":{\"@type\":\"PropertyValueSpecification\",\"valueRequired\":true,\"valueName\":\"search_term_string\"}}],\"inLanguage\":\"hu\"}]}<\/script>\n<!-- \/ Yoast SEO plugin. -->","yoast_head_json":{"title":"Banzai Bet legjobb b\u00f3nuszok \u2714 Aj\u00e1nlatok \u00e9s prom\u00f3ci\u00f3s k\u00f3dok","description":"Fedezze fel a Banzai Bet fantasztikus b\u00f3nuszait! Ne hagyja ki a lehet\u0151s\u00e9get, hogy nagylelk\u0171 aj\u00e1nlatainkkal \u00e9s prom\u00f3ci\u00f3s k\u00f3djainkkal n\u00f6velje bankrollj\u00e1t. J\u00f6jj\u00f6n be \u00e9s vegye el, ami az \u00d6n\u00e9 \u2013 a j\u00e1t\u00e9k csak most kezd\u0151dik!","robots":{"index":"index","follow":"follow","max-snippet":"max-snippet:-1","max-image-preview":"max-image-preview:large","max-video-preview":"max-video-preview:-1"},"og_locale":"hu_HU","og_type":"article","og_title":"Banzai Bet legjobb b\u00f3nuszok \u2714 Aj\u00e1nlatok \u00e9s prom\u00f3ci\u00f3s k\u00f3dok","og_description":"Fedezze fel a Banzai Bet fantasztikus b\u00f3nuszait! Ne hagyja ki a lehet\u0151s\u00e9get, hogy nagylelk\u0171 aj\u00e1nlatainkkal \u00e9s prom\u00f3ci\u00f3s k\u00f3djainkkal n\u00f6velje bankrollj\u00e1t. J\u00f6jj\u00f6n be \u00e9s vegye el, ami az \u00d6n\u00e9 \u2013 a j\u00e1t\u00e9k csak most kezd\u0151dik!","og_url":"https:\/\/banzai.team\/hu\/bonus\/","og_site_name":"Banzai Team hu","article_modified_time":"2025-08-27T18:35:01+00:00","twitter_card":"summary_large_image","schema":{"@context":"https:\/\/schema.org","@graph":[{"@type":"WebPage","@id":"https:\/\/banzai.team\/hu\/bonus\/","url":"https:\/\/banzai.team\/hu\/bonus\/","name":"Banzai Bet legjobb b\u00f3nuszok \u2714 Aj\u00e1nlatok \u00e9s prom\u00f3ci\u00f3s k\u00f3dok","isPartOf":{"@id":"https:\/\/banzai.team\/hu\/#website"},"datePublished":"2023-05-18T17:39:43+00:00","dateModified":"2025-08-27T18:35:01+00:00","description":"Fedezze fel a Banzai Bet fantasztikus b\u00f3nuszait! Ne hagyja ki a lehet\u0151s\u00e9get, hogy nagylelk\u0171 aj\u00e1nlatainkkal \u00e9s prom\u00f3ci\u00f3s k\u00f3djainkkal n\u00f6velje bankrollj\u00e1t. J\u00f6jj\u00f6n be \u00e9s vegye el, ami az \u00d6n\u00e9 \u2013 a j\u00e1t\u00e9k csak most kezd\u0151dik!","breadcrumb":{"@id":"https:\/\/banzai.team\/hu\/bonus\/#breadcrumb"},"inLanguage":"hu","potentialAction":[{"@type":"ReadAction","target":["https:\/\/banzai.team\/hu\/bonus\/"]}]},{"@type":"BreadcrumbList","@id":"https:\/\/banzai.team\/hu\/bonus\/#breadcrumb","itemListElement":[{"@type":"ListItem","position":1,"name":"Home","item":"https:\/\/banzai.team\/hu\/"},{"@type":"ListItem","position":2,"name":"B\u00f3nusz"}]},{"@type":"WebSite","@id":"https:\/\/banzai.team\/hu\/#website","url":"https:\/\/banzai.team\/hu\/","name":"Banzai Team hu","description":"My WordPress Blog","potentialAction":[{"@type":"SearchAction","target":{"@type":"EntryPoint","urlTemplate":"https:\/\/banzai.team\/hu\/?s={search_term_string}"},"query-input":{"@type":"PropertyValueSpecification","valueRequired":true,"valueName":"search_term_string"}}],"inLanguage":"hu"}]}},"_links":{"self":[{"href":"https:\/\/banzai.team\/hu\/wp-json\/wp\/v2\/pages\/152","targetHints":{"allow":["GET"]}}],"collection":[{"href":"https:\/\/banzai.team\/hu\/wp-json\/wp\/v2\/pages"}],"about":[{"href":"https:\/\/banzai.team\/hu\/wp-json\/wp\/v2\/types\/page"}],"author":[{"embeddable":true,"href":"https:\/\/banzai.team\/hu\/wp-json\/wp\/v2\/users\/1"}],"replies":[{"embeddable":true,"href":"https:\/\/banzai.team\/hu\/wp-json\/wp\/v2\/comments?post=152"}],"version-history":[{"count":13,"href":"https:\/\/banzai.team\/hu\/wp-json\/wp\/v2\/pages\/152\/revisions"}],"predecessor-version":[{"id":483,"href":"https:\/\/banzai.team\/hu\/wp-json\/wp\/v2\/pages\/152\/revisions\/483"}],"wp:attachment":[{"href":"https:\/\/banzai.team\/hu\/wp-json\/wp\/v2\/media?parent=152"}],"curies":[{"name":"wp","href":"https:\/\/api.w.org\/{rel}","templated":true}]}}