{"id":2,"date":"2024-05-18T17:18:34","date_gmt":"2024-05-18T17:18:34","guid":{"rendered":"https:\/\/banzai.team\/hu\/?page_id=2"},"modified":"2025-08-27T18:31:37","modified_gmt":"2025-08-27T18:31:37","slug":"sample-page","status":"publish","type":"page","link":"https:\/\/banzai.team\/hu\/","title":{"rendered":"Otthon"},"content":{"rendered":"","protected":false},"excerpt":{"rendered":"","protected":false},"author":1,"featured_media":0,"parent":0,"menu_order":0,"comment_status":"closed","ping_status":"closed","template":"","meta":{"footnotes":""},"class_list":["post-2","page","type-page","status-publish","hentry"],"yoast_head":"<!-- This site is optimized with the Yoast SEO plugin v23.2 - https:\/\/yoast.com\/wordpress\/plugins\/seo\/ -->\n<title>Banzai Bet Kaszin\u00f3 \u00e9s fogad\u00e1sok \u2b50 Regisztr\u00e1ci\u00f3<\/title>\n<meta name=\"description\" content=\"\u00c9lvezze az izgalmat \u00e9s a nyerem\u00e9nyeket a Banzai.Bet hivatalos weboldal\u00e1n tal\u00e1lhat\u00f3 sz\u00e9les v\u00e1laszt\u00e9k\u00fa nyer\u0151g\u00e9pekkel \u00e9s asztali j\u00e1t\u00e9kokkal! Pr\u00f3b\u00e1lja ki szerencs\u00e9j\u00e9t, \u00e9s szerezzen 150% els\u0151 befizet\u00e9si aj\u00e1nlatot ingyenes p\u00f6rget\u00e9sekkel a BanzaiBET \u00e9l\u0151 kaszin\u00f3ban!\" \/>\n<meta name=\"robots\" content=\"index, follow, max-snippet:-1, max-image-preview:large, max-video-preview:-1\" \/>\n<meta property=\"og:locale\" content=\"hu_HU\" \/>\n<meta property=\"og:type\" content=\"article\" \/>\n<meta property=\"og:title\" content=\"Banzai Bet Kaszin\u00f3 \u00e9s fogad\u00e1sok \u2b50 Regisztr\u00e1ci\u00f3\" \/>\n<meta property=\"og:description\" content=\"\u00c9lvezze az izgalmat \u00e9s a nyerem\u00e9nyeket a Banzai.Bet hivatalos weboldal\u00e1n tal\u00e1lhat\u00f3 sz\u00e9les v\u00e1laszt\u00e9k\u00fa nyer\u0151g\u00e9pekkel \u00e9s asztali j\u00e1t\u00e9kokkal! Pr\u00f3b\u00e1lja ki szerencs\u00e9j\u00e9t, \u00e9s szerezzen 150% els\u0151 befizet\u00e9si aj\u00e1nlatot ingyenes p\u00f6rget\u00e9sekkel a BanzaiBET \u00e9l\u0151 kaszin\u00f3ban!\" \/>\n<meta property=\"og:url\" content=\"https:\/\/banzai.team\/hu\/\" \/>\n<meta property=\"og:site_name\" content=\"Banzai Team hu\" \/>\n<meta property=\"article:modified_time\" content=\"2025-08-27T18:31:37+00:00\" \/>\n<meta name=\"twitter:card\" content=\"summary_large_image\" \/>\n<script type=\"application\/ld+json\" class=\"yoast-schema-graph\">{\"@context\":\"https:\/\/schema.org\",\"@graph\":[{\"@type\":\"WebPage\",\"@id\":\"https:\/\/banzai.team\/hu\/\",\"url\":\"https:\/\/banzai.team\/hu\/\",\"name\":\"Banzai Bet Kaszin\u00f3 \u00e9s fogad\u00e1sok \u2b50 Regisztr\u00e1ci\u00f3\",\"isPartOf\":{\"@id\":\"https:\/\/banzai.team\/hu\/#website\"},\"datePublished\":\"2024-05-18T17:18:34+00:00\",\"dateModified\":\"2025-08-27T18:31:37+00:00\",\"description\":\"\u00c9lvezze az izgalmat \u00e9s a nyerem\u00e9nyeket a Banzai.Bet hivatalos weboldal\u00e1n tal\u00e1lhat\u00f3 sz\u00e9les v\u00e1laszt\u00e9k\u00fa nyer\u0151g\u00e9pekkel \u00e9s asztali j\u00e1t\u00e9kokkal! Pr\u00f3b\u00e1lja ki szerencs\u00e9j\u00e9t, \u00e9s szerezzen 150% els\u0151 befizet\u00e9si aj\u00e1nlatot ingyenes p\u00f6rget\u00e9sekkel a BanzaiBET \u00e9l\u0151 kaszin\u00f3ban!\",\"breadcrumb\":{\"@id\":\"https:\/\/banzai.team\/hu\/#breadcrumb\"},\"inLanguage\":\"hu\",\"potentialAction\":[{\"@type\":\"ReadAction\",\"target\":[\"https:\/\/banzai.team\/hu\/\"]}]},{\"@type\":\"BreadcrumbList\",\"@id\":\"https:\/\/banzai.team\/hu\/#breadcrumb\",\"itemListElement\":[{\"@type\":\"ListItem\",\"position\":1,\"name\":\"Home\",\"item\":\"https:\/\/banzai.team\/hu\/\"},{\"@type\":\"ListItem\",\"position\":2,\"name\":\"Otthon\"}]},{\"@type\":\"WebSite\",\"@id\":\"https:\/\/banzai.team\/hu\/#website\",\"url\":\"https:\/\/banzai.team\/hu\/\",\"name\":\"Banzai Team hu\",\"description\":\"My WordPress Blog\",\"potentialAction\":[{\"@type\":\"SearchAction\",\"target\":{\"@type\":\"EntryPoint\",\"urlTemplate\":\"https:\/\/banzai.team\/hu\/?s={search_term_string}\"},\"query-input\":\"required name=search_term_string\"}],\"inLanguage\":\"hu\"}]}<\/script>\n<!-- \/ Yoast SEO plugin. -->","yoast_head_json":{"title":"Banzai Bet Kaszin\u00f3 \u00e9s fogad\u00e1sok \u2b50 Regisztr\u00e1ci\u00f3","description":"\u00c9lvezze az izgalmat \u00e9s a nyerem\u00e9nyeket a Banzai.Bet hivatalos weboldal\u00e1n tal\u00e1lhat\u00f3 sz\u00e9les v\u00e1laszt\u00e9k\u00fa nyer\u0151g\u00e9pekkel \u00e9s asztali j\u00e1t\u00e9kokkal! Pr\u00f3b\u00e1lja ki szerencs\u00e9j\u00e9t, \u00e9s szerezzen 150% els\u0151 befizet\u00e9si aj\u00e1nlatot ingyenes p\u00f6rget\u00e9sekkel a BanzaiBET \u00e9l\u0151 kaszin\u00f3ban!","robots":{"index":"index","follow":"follow","max-snippet":"max-snippet:-1","max-image-preview":"max-image-preview:large","max-video-preview":"max-video-preview:-1"},"og_locale":"hu_HU","og_type":"article","og_title":"Banzai Bet Kaszin\u00f3 \u00e9s fogad\u00e1sok \u2b50 Regisztr\u00e1ci\u00f3","og_description":"\u00c9lvezze az izgalmat \u00e9s a nyerem\u00e9nyeket a Banzai.Bet hivatalos weboldal\u00e1n tal\u00e1lhat\u00f3 sz\u00e9les v\u00e1laszt\u00e9k\u00fa nyer\u0151g\u00e9pekkel \u00e9s asztali j\u00e1t\u00e9kokkal! Pr\u00f3b\u00e1lja ki szerencs\u00e9j\u00e9t, \u00e9s szerezzen 150% els\u0151 befizet\u00e9si aj\u00e1nlatot ingyenes p\u00f6rget\u00e9sekkel a BanzaiBET \u00e9l\u0151 kaszin\u00f3ban!","og_url":"https:\/\/banzai.team\/hu\/","og_site_name":"Banzai Team hu","article_modified_time":"2025-08-27T18:31:37+00:00","twitter_card":"summary_large_image","schema":{"@context":"https:\/\/schema.org","@graph":[{"@type":"WebPage","@id":"https:\/\/banzai.team\/hu\/","url":"https:\/\/banzai.team\/hu\/","name":"Banzai Bet Kaszin\u00f3 \u00e9s fogad\u00e1sok \u2b50 Regisztr\u00e1ci\u00f3","isPartOf":{"@id":"https:\/\/banzai.team\/hu\/#website"},"datePublished":"2024-05-18T17:18:34+00:00","dateModified":"2025-08-27T18:31:37+00:00","description":"\u00c9lvezze az izgalmat \u00e9s a nyerem\u00e9nyeket a Banzai.Bet hivatalos weboldal\u00e1n tal\u00e1lhat\u00f3 sz\u00e9les v\u00e1laszt\u00e9k\u00fa nyer\u0151g\u00e9pekkel \u00e9s asztali j\u00e1t\u00e9kokkal! Pr\u00f3b\u00e1lja ki szerencs\u00e9j\u00e9t, \u00e9s szerezzen 150% els\u0151 befizet\u00e9si aj\u00e1nlatot ingyenes p\u00f6rget\u00e9sekkel a BanzaiBET \u00e9l\u0151 kaszin\u00f3ban!","breadcrumb":{"@id":"https:\/\/banzai.team\/hu\/#breadcrumb"},"inLanguage":"hu","potentialAction":[{"@type":"ReadAction","target":["https:\/\/banzai.team\/hu\/"]}]},{"@type":"BreadcrumbList","@id":"https:\/\/banzai.team\/hu\/#breadcrumb","itemListElement":[{"@type":"ListItem","position":1,"name":"Home","item":"https:\/\/banzai.team\/hu\/"},{"@type":"ListItem","position":2,"name":"Otthon"}]},{"@type":"WebSite","@id":"https:\/\/banzai.team\/hu\/#website","url":"https:\/\/banzai.team\/hu\/","name":"Banzai Team hu","description":"My WordPress Blog","potentialAction":[{"@type":"SearchAction","target":{"@type":"EntryPoint","urlTemplate":"https:\/\/banzai.team\/hu\/?s={search_term_string}"},"query-input":"required name=search_term_string"}],"inLanguage":"hu"}]}},"_links":{"self":[{"href":"https:\/\/banzai.team\/hu\/wp-json\/wp\/v2\/pages\/2","targetHints":{"allow":["GET"]}}],"collection":[{"href":"https:\/\/banzai.team\/hu\/wp-json\/wp\/v2\/pages"}],"about":[{"href":"https:\/\/banzai.team\/hu\/wp-json\/wp\/v2\/types\/page"}],"author":[{"embeddable":true,"href":"https:\/\/banzai.team\/hu\/wp-json\/wp\/v2\/users\/1"}],"replies":[{"embeddable":true,"href":"https:\/\/banzai.team\/hu\/wp-json\/wp\/v2\/comments?post=2"}],"version-history":[{"count":52,"href":"https:\/\/banzai.team\/hu\/wp-json\/wp\/v2\/pages\/2\/revisions"}],"predecessor-version":[{"id":504,"href":"https:\/\/banzai.team\/hu\/wp-json\/wp\/v2\/pages\/2\/revisions\/504"}],"wp:attachment":[{"href":"https:\/\/banzai.team\/hu\/wp-json\/wp\/v2\/media?parent=2"}],"curies":[{"name":"wp","href":"https:\/\/api.w.org\/{rel}","templated":true}]}}