{"id":221,"date":"2024-09-03T07:22:05","date_gmt":"2024-09-03T07:22:05","guid":{"rendered":"https:\/\/banzai.team\/hu\/?page_id=221"},"modified":"2025-08-27T18:34:08","modified_gmt":"2025-08-27T18:34:08","slug":"apk","status":"publish","type":"page","link":"https:\/\/banzai.team\/hu\/apk\/","title":{"rendered":"Apk"},"content":{"rendered":"","protected":false},"excerpt":{"rendered":"","protected":false},"author":1,"featured_media":0,"parent":0,"menu_order":0,"comment_status":"closed","ping_status":"closed","template":"","meta":{"footnotes":""},"class_list":["post-221","page","type-page","status-publish","hentry"],"yoast_head":"<!-- This site is optimized with the Yoast SEO plugin v27.4 - https:\/\/yoast.com\/product\/yoast-seo-wordpress\/ -->\n<title>BanzaiBet APK Androidra | T\u00f6ltsd le \u00e9s j\u00e1tssz most<\/title>\n<meta name=\"description\" content=\"T\u00f6ltsd le ingyen a Banzai Bet APK alkalmaz\u00e1st Androidra. J\u00e1tssz a Banzai BET \u00e1ltal k\u00edn\u00e1lt \u00f6sszes kaszin\u00f3j\u00e1t\u00e9kkal \u00e9s fogadj sportesem\u00e9nyekre a mobilodon. Hogyan telep\u00edtsd a Banzai Bet apk leg\u00fajabb verzi\u00f3j\u00e1t\" \/>\n<meta name=\"robots\" content=\"index, follow, max-snippet:-1, max-image-preview:large, max-video-preview:-1\" \/>\n<meta property=\"og:locale\" content=\"hu_HU\" \/>\n<meta property=\"og:type\" content=\"article\" \/>\n<meta property=\"og:title\" content=\"BanzaiBet APK Androidra | T\u00f6ltsd le \u00e9s j\u00e1tssz most\" \/>\n<meta property=\"og:description\" content=\"T\u00f6ltsd le ingyen a Banzai Bet APK alkalmaz\u00e1st Androidra. J\u00e1tssz a Banzai BET \u00e1ltal k\u00edn\u00e1lt \u00f6sszes kaszin\u00f3j\u00e1t\u00e9kkal \u00e9s fogadj sportesem\u00e9nyekre a mobilodon. Hogyan telep\u00edtsd a Banzai Bet apk leg\u00fajabb verzi\u00f3j\u00e1t\" \/>\n<meta property=\"og:url\" content=\"https:\/\/banzai.team\/hu\/apk\/\" \/>\n<meta property=\"og:site_name\" content=\"Banzai Team hu\" \/>\n<meta property=\"article:modified_time\" content=\"2025-08-27T18:34:08+00:00\" \/>\n<meta name=\"twitter:card\" content=\"summary_large_image\" \/>\n<script type=\"application\/ld+json\" class=\"yoast-schema-graph\">{\"@context\":\"https:\\\/\\\/schema.org\",\"@graph\":[{\"@type\":\"WebPage\",\"@id\":\"https:\\\/\\\/banzai.team\\\/hu\\\/apk\\\/\",\"url\":\"https:\\\/\\\/banzai.team\\\/hu\\\/apk\\\/\",\"name\":\"BanzaiBet APK Androidra | T\u00f6ltsd le \u00e9s j\u00e1tssz most\",\"isPartOf\":{\"@id\":\"https:\\\/\\\/banzai.team\\\/hu\\\/#website\"},\"datePublished\":\"2024-09-03T07:22:05+00:00\",\"dateModified\":\"2025-08-27T18:34:08+00:00\",\"description\":\"T\u00f6ltsd le ingyen a Banzai Bet APK alkalmaz\u00e1st Androidra. J\u00e1tssz a Banzai BET \u00e1ltal k\u00edn\u00e1lt \u00f6sszes kaszin\u00f3j\u00e1t\u00e9kkal \u00e9s fogadj sportesem\u00e9nyekre a mobilodon. Hogyan telep\u00edtsd a Banzai Bet apk leg\u00fajabb verzi\u00f3j\u00e1t\",\"breadcrumb\":{\"@id\":\"https:\\\/\\\/banzai.team\\\/hu\\\/apk\\\/#breadcrumb\"},\"inLanguage\":\"hu\",\"potentialAction\":[{\"@type\":\"ReadAction\",\"target\":[\"https:\\\/\\\/banzai.team\\\/hu\\\/apk\\\/\"]}]},{\"@type\":\"BreadcrumbList\",\"@id\":\"https:\\\/\\\/banzai.team\\\/hu\\\/apk\\\/#breadcrumb\",\"itemListElement\":[{\"@type\":\"ListItem\",\"position\":1,\"name\":\"Home\",\"item\":\"https:\\\/\\\/banzai.team\\\/hu\\\/\"},{\"@type\":\"ListItem\",\"position\":2,\"name\":\"Apk\"}]},{\"@type\":\"WebSite\",\"@id\":\"https:\\\/\\\/banzai.team\\\/hu\\\/#website\",\"url\":\"https:\\\/\\\/banzai.team\\\/hu\\\/\",\"name\":\"Banzai Team hu\",\"description\":\"My WordPress Blog\",\"potentialAction\":[{\"@type\":\"SearchAction\",\"target\":{\"@type\":\"EntryPoint\",\"urlTemplate\":\"https:\\\/\\\/banzai.team\\\/hu\\\/?s={search_term_string}\"},\"query-input\":{\"@type\":\"PropertyValueSpecification\",\"valueRequired\":true,\"valueName\":\"search_term_string\"}}],\"inLanguage\":\"hu\"}]}<\/script>\n<!-- \/ Yoast SEO plugin. -->","yoast_head_json":{"title":"BanzaiBet APK Androidra | T\u00f6ltsd le \u00e9s j\u00e1tssz most","description":"T\u00f6ltsd le ingyen a Banzai Bet APK alkalmaz\u00e1st Androidra. J\u00e1tssz a Banzai BET \u00e1ltal k\u00edn\u00e1lt \u00f6sszes kaszin\u00f3j\u00e1t\u00e9kkal \u00e9s fogadj sportesem\u00e9nyekre a mobilodon. Hogyan telep\u00edtsd a Banzai Bet apk leg\u00fajabb verzi\u00f3j\u00e1t","robots":{"index":"index","follow":"follow","max-snippet":"max-snippet:-1","max-image-preview":"max-image-preview:large","max-video-preview":"max-video-preview:-1"},"og_locale":"hu_HU","og_type":"article","og_title":"BanzaiBet APK Androidra | T\u00f6ltsd le \u00e9s j\u00e1tssz most","og_description":"T\u00f6ltsd le ingyen a Banzai Bet APK alkalmaz\u00e1st Androidra. J\u00e1tssz a Banzai BET \u00e1ltal k\u00edn\u00e1lt \u00f6sszes kaszin\u00f3j\u00e1t\u00e9kkal \u00e9s fogadj sportesem\u00e9nyekre a mobilodon. Hogyan telep\u00edtsd a Banzai Bet apk leg\u00fajabb verzi\u00f3j\u00e1t","og_url":"https:\/\/banzai.team\/hu\/apk\/","og_site_name":"Banzai Team hu","article_modified_time":"2025-08-27T18:34:08+00:00","twitter_card":"summary_large_image","schema":{"@context":"https:\/\/schema.org","@graph":[{"@type":"WebPage","@id":"https:\/\/banzai.team\/hu\/apk\/","url":"https:\/\/banzai.team\/hu\/apk\/","name":"BanzaiBet APK Androidra | T\u00f6ltsd le \u00e9s j\u00e1tssz most","isPartOf":{"@id":"https:\/\/banzai.team\/hu\/#website"},"datePublished":"2024-09-03T07:22:05+00:00","dateModified":"2025-08-27T18:34:08+00:00","description":"T\u00f6ltsd le ingyen a Banzai Bet APK alkalmaz\u00e1st Androidra. J\u00e1tssz a Banzai BET \u00e1ltal k\u00edn\u00e1lt \u00f6sszes kaszin\u00f3j\u00e1t\u00e9kkal \u00e9s fogadj sportesem\u00e9nyekre a mobilodon. Hogyan telep\u00edtsd a Banzai Bet apk leg\u00fajabb verzi\u00f3j\u00e1t","breadcrumb":{"@id":"https:\/\/banzai.team\/hu\/apk\/#breadcrumb"},"inLanguage":"hu","potentialAction":[{"@type":"ReadAction","target":["https:\/\/banzai.team\/hu\/apk\/"]}]},{"@type":"BreadcrumbList","@id":"https:\/\/banzai.team\/hu\/apk\/#breadcrumb","itemListElement":[{"@type":"ListItem","position":1,"name":"Home","item":"https:\/\/banzai.team\/hu\/"},{"@type":"ListItem","position":2,"name":"Apk"}]},{"@type":"WebSite","@id":"https:\/\/banzai.team\/hu\/#website","url":"https:\/\/banzai.team\/hu\/","name":"Banzai Team hu","description":"My WordPress Blog","potentialAction":[{"@type":"SearchAction","target":{"@type":"EntryPoint","urlTemplate":"https:\/\/banzai.team\/hu\/?s={search_term_string}"},"query-input":{"@type":"PropertyValueSpecification","valueRequired":true,"valueName":"search_term_string"}}],"inLanguage":"hu"}]}},"_links":{"self":[{"href":"https:\/\/banzai.team\/hu\/wp-json\/wp\/v2\/pages\/221","targetHints":{"allow":["GET"]}}],"collection":[{"href":"https:\/\/banzai.team\/hu\/wp-json\/wp\/v2\/pages"}],"about":[{"href":"https:\/\/banzai.team\/hu\/wp-json\/wp\/v2\/types\/page"}],"author":[{"embeddable":true,"href":"https:\/\/banzai.team\/hu\/wp-json\/wp\/v2\/users\/1"}],"replies":[{"embeddable":true,"href":"https:\/\/banzai.team\/hu\/wp-json\/wp\/v2\/comments?post=221"}],"version-history":[{"count":31,"href":"https:\/\/banzai.team\/hu\/wp-json\/wp\/v2\/pages\/221\/revisions"}],"predecessor-version":[{"id":480,"href":"https:\/\/banzai.team\/hu\/wp-json\/wp\/v2\/pages\/221\/revisions\/480"}],"wp:attachment":[{"href":"https:\/\/banzai.team\/hu\/wp-json\/wp\/v2\/media?parent=221"}],"curies":[{"name":"wp","href":"https:\/\/api.w.org\/{rel}","templated":true}]}}