{"id":357,"date":"2025-07-08T08:43:24","date_gmt":"2025-07-08T08:43:24","guid":{"rendered":"https:\/\/banzai.team\/hu\/?page_id=357"},"modified":"2025-08-27T18:36:27","modified_gmt":"2025-08-27T18:36:27","slug":"registration","status":"publish","type":"page","link":"https:\/\/banzai.team\/hu\/registration\/","title":{"rendered":"Regisztr\u00e1ci\u00f3"},"content":{"rendered":"","protected":false},"excerpt":{"rendered":"","protected":false},"author":1,"featured_media":0,"parent":0,"menu_order":0,"comment_status":"closed","ping_status":"closed","template":"","meta":{"footnotes":""},"class_list":["post-357","page","type-page","status-publish","hentry"],"yoast_head":"<!-- This site is optimized with the Yoast SEO plugin v27.4 - https:\/\/yoast.com\/product\/yoast-seo-wordpress\/ -->\n<title>BanzaiBet regisztr\u00e1ci\u00f3: Teljes \u00fatmutat\u00f3 kezd\u0151knek<\/title>\n<meta name=\"description\" content=\"Tudja meg, milyen egyszer\u0171 \u00e9s gyors a regisztr\u00e1ci\u00f3 a BanzaiBet oldalon! Teljes k\u00f6r\u0171 kezd\u0151knek sz\u00f3l\u00f3 \u00fatmutat\u00f3nkkal megny\u00edlnak \u00d6n el\u0151tt a szerencsej\u00e1t\u00e9kok \u00e9s a nagylelk\u0171 nyerem\u00e9nyek vil\u00e1ga. Ne hagyja ki ezt a lehet\u0151s\u00e9get \u2013 kezdje el most!\" \/>\n<meta name=\"robots\" content=\"index, follow, max-snippet:-1, max-image-preview:large, max-video-preview:-1\" \/>\n<meta property=\"og:locale\" content=\"hu_HU\" \/>\n<meta property=\"og:type\" content=\"article\" \/>\n<meta property=\"og:title\" content=\"BanzaiBet regisztr\u00e1ci\u00f3: Teljes \u00fatmutat\u00f3 kezd\u0151knek\" \/>\n<meta property=\"og:description\" content=\"Tudja meg, milyen egyszer\u0171 \u00e9s gyors a regisztr\u00e1ci\u00f3 a BanzaiBet oldalon! Teljes k\u00f6r\u0171 kezd\u0151knek sz\u00f3l\u00f3 \u00fatmutat\u00f3nkkal megny\u00edlnak \u00d6n el\u0151tt a szerencsej\u00e1t\u00e9kok \u00e9s a nagylelk\u0171 nyerem\u00e9nyek vil\u00e1ga. Ne hagyja ki ezt a lehet\u0151s\u00e9get \u2013 kezdje el most!\" \/>\n<meta property=\"og:url\" content=\"https:\/\/banzai.team\/hu\/registration\/\" \/>\n<meta property=\"og:site_name\" content=\"Banzai Team hu\" \/>\n<meta property=\"article:modified_time\" content=\"2025-08-27T18:36:27+00:00\" \/>\n<meta name=\"twitter:card\" content=\"summary_large_image\" \/>\n<script type=\"application\/ld+json\" class=\"yoast-schema-graph\">{\"@context\":\"https:\\\/\\\/schema.org\",\"@graph\":[{\"@type\":\"WebPage\",\"@id\":\"https:\\\/\\\/banzai.team\\\/hu\\\/registration\\\/\",\"url\":\"https:\\\/\\\/banzai.team\\\/hu\\\/registration\\\/\",\"name\":\"BanzaiBet regisztr\u00e1ci\u00f3: Teljes \u00fatmutat\u00f3 kezd\u0151knek\",\"isPartOf\":{\"@id\":\"https:\\\/\\\/banzai.team\\\/hu\\\/#website\"},\"datePublished\":\"2025-07-08T08:43:24+00:00\",\"dateModified\":\"2025-08-27T18:36:27+00:00\",\"description\":\"Tudja meg, milyen egyszer\u0171 \u00e9s gyors a regisztr\u00e1ci\u00f3 a BanzaiBet oldalon! Teljes k\u00f6r\u0171 kezd\u0151knek sz\u00f3l\u00f3 \u00fatmutat\u00f3nkkal megny\u00edlnak \u00d6n el\u0151tt a szerencsej\u00e1t\u00e9kok \u00e9s a nagylelk\u0171 nyerem\u00e9nyek vil\u00e1ga. Ne hagyja ki ezt a lehet\u0151s\u00e9get \u2013 kezdje el most!\",\"breadcrumb\":{\"@id\":\"https:\\\/\\\/banzai.team\\\/hu\\\/registration\\\/#breadcrumb\"},\"inLanguage\":\"hu\",\"potentialAction\":[{\"@type\":\"ReadAction\",\"target\":[\"https:\\\/\\\/banzai.team\\\/hu\\\/registration\\\/\"]}]},{\"@type\":\"BreadcrumbList\",\"@id\":\"https:\\\/\\\/banzai.team\\\/hu\\\/registration\\\/#breadcrumb\",\"itemListElement\":[{\"@type\":\"ListItem\",\"position\":1,\"name\":\"Home\",\"item\":\"https:\\\/\\\/banzai.team\\\/hu\\\/\"},{\"@type\":\"ListItem\",\"position\":2,\"name\":\"Regisztr\u00e1ci\u00f3\"}]},{\"@type\":\"WebSite\",\"@id\":\"https:\\\/\\\/banzai.team\\\/hu\\\/#website\",\"url\":\"https:\\\/\\\/banzai.team\\\/hu\\\/\",\"name\":\"Banzai Team hu\",\"description\":\"My WordPress Blog\",\"potentialAction\":[{\"@type\":\"SearchAction\",\"target\":{\"@type\":\"EntryPoint\",\"urlTemplate\":\"https:\\\/\\\/banzai.team\\\/hu\\\/?s={search_term_string}\"},\"query-input\":{\"@type\":\"PropertyValueSpecification\",\"valueRequired\":true,\"valueName\":\"search_term_string\"}}],\"inLanguage\":\"hu\"}]}<\/script>\n<!-- \/ Yoast SEO plugin. -->","yoast_head_json":{"title":"BanzaiBet regisztr\u00e1ci\u00f3: Teljes \u00fatmutat\u00f3 kezd\u0151knek","description":"Tudja meg, milyen egyszer\u0171 \u00e9s gyors a regisztr\u00e1ci\u00f3 a BanzaiBet oldalon! Teljes k\u00f6r\u0171 kezd\u0151knek sz\u00f3l\u00f3 \u00fatmutat\u00f3nkkal megny\u00edlnak \u00d6n el\u0151tt a szerencsej\u00e1t\u00e9kok \u00e9s a nagylelk\u0171 nyerem\u00e9nyek vil\u00e1ga. Ne hagyja ki ezt a lehet\u0151s\u00e9get \u2013 kezdje el most!","robots":{"index":"index","follow":"follow","max-snippet":"max-snippet:-1","max-image-preview":"max-image-preview:large","max-video-preview":"max-video-preview:-1"},"og_locale":"hu_HU","og_type":"article","og_title":"BanzaiBet regisztr\u00e1ci\u00f3: Teljes \u00fatmutat\u00f3 kezd\u0151knek","og_description":"Tudja meg, milyen egyszer\u0171 \u00e9s gyors a regisztr\u00e1ci\u00f3 a BanzaiBet oldalon! Teljes k\u00f6r\u0171 kezd\u0151knek sz\u00f3l\u00f3 \u00fatmutat\u00f3nkkal megny\u00edlnak \u00d6n el\u0151tt a szerencsej\u00e1t\u00e9kok \u00e9s a nagylelk\u0171 nyerem\u00e9nyek vil\u00e1ga. Ne hagyja ki ezt a lehet\u0151s\u00e9get \u2013 kezdje el most!","og_url":"https:\/\/banzai.team\/hu\/registration\/","og_site_name":"Banzai Team hu","article_modified_time":"2025-08-27T18:36:27+00:00","twitter_card":"summary_large_image","schema":{"@context":"https:\/\/schema.org","@graph":[{"@type":"WebPage","@id":"https:\/\/banzai.team\/hu\/registration\/","url":"https:\/\/banzai.team\/hu\/registration\/","name":"BanzaiBet regisztr\u00e1ci\u00f3: Teljes \u00fatmutat\u00f3 kezd\u0151knek","isPartOf":{"@id":"https:\/\/banzai.team\/hu\/#website"},"datePublished":"2025-07-08T08:43:24+00:00","dateModified":"2025-08-27T18:36:27+00:00","description":"Tudja meg, milyen egyszer\u0171 \u00e9s gyors a regisztr\u00e1ci\u00f3 a BanzaiBet oldalon! Teljes k\u00f6r\u0171 kezd\u0151knek sz\u00f3l\u00f3 \u00fatmutat\u00f3nkkal megny\u00edlnak \u00d6n el\u0151tt a szerencsej\u00e1t\u00e9kok \u00e9s a nagylelk\u0171 nyerem\u00e9nyek vil\u00e1ga. Ne hagyja ki ezt a lehet\u0151s\u00e9get \u2013 kezdje el most!","breadcrumb":{"@id":"https:\/\/banzai.team\/hu\/registration\/#breadcrumb"},"inLanguage":"hu","potentialAction":[{"@type":"ReadAction","target":["https:\/\/banzai.team\/hu\/registration\/"]}]},{"@type":"BreadcrumbList","@id":"https:\/\/banzai.team\/hu\/registration\/#breadcrumb","itemListElement":[{"@type":"ListItem","position":1,"name":"Home","item":"https:\/\/banzai.team\/hu\/"},{"@type":"ListItem","position":2,"name":"Regisztr\u00e1ci\u00f3"}]},{"@type":"WebSite","@id":"https:\/\/banzai.team\/hu\/#website","url":"https:\/\/banzai.team\/hu\/","name":"Banzai Team hu","description":"My WordPress Blog","potentialAction":[{"@type":"SearchAction","target":{"@type":"EntryPoint","urlTemplate":"https:\/\/banzai.team\/hu\/?s={search_term_string}"},"query-input":{"@type":"PropertyValueSpecification","valueRequired":true,"valueName":"search_term_string"}}],"inLanguage":"hu"}]}},"_links":{"self":[{"href":"https:\/\/banzai.team\/hu\/wp-json\/wp\/v2\/pages\/357","targetHints":{"allow":["GET"]}}],"collection":[{"href":"https:\/\/banzai.team\/hu\/wp-json\/wp\/v2\/pages"}],"about":[{"href":"https:\/\/banzai.team\/hu\/wp-json\/wp\/v2\/types\/page"}],"author":[{"embeddable":true,"href":"https:\/\/banzai.team\/hu\/wp-json\/wp\/v2\/users\/1"}],"replies":[{"embeddable":true,"href":"https:\/\/banzai.team\/hu\/wp-json\/wp\/v2\/comments?post=357"}],"version-history":[{"count":10,"href":"https:\/\/banzai.team\/hu\/wp-json\/wp\/v2\/pages\/357\/revisions"}],"predecessor-version":[{"id":500,"href":"https:\/\/banzai.team\/hu\/wp-json\/wp\/v2\/pages\/357\/revisions\/500"}],"wp:attachment":[{"href":"https:\/\/banzai.team\/hu\/wp-json\/wp\/v2\/media?parent=357"}],"curies":[{"name":"wp","href":"https:\/\/api.w.org\/{rel}","templated":true}]}}