{"id":430,"date":"2025-07-11T08:11:03","date_gmt":"2025-07-11T08:11:03","guid":{"rendered":"https:\/\/banzai.team\/hu\/?page_id=430"},"modified":"2025-08-06T13:49:56","modified_gmt":"2025-08-06T13:49:56","slug":"super-crypto-bonus","status":"publish","type":"page","link":"https:\/\/banzai.team\/hu\/bonus\/super-crypto-bonus\/","title":{"rendered":"Szuper kriptovaluta b\u00f3nusz"},"content":{"rendered":"","protected":false},"excerpt":{"rendered":"","protected":false},"author":1,"featured_media":0,"parent":152,"menu_order":0,"comment_status":"closed","ping_status":"closed","template":"","meta":{"footnotes":""},"class_list":["post-430","page","type-page","status-publish","hentry"],"yoast_head":"<!-- This site is optimized with the Yoast SEO plugin v27.4 - https:\/\/yoast.com\/product\/yoast-seo-wordpress\/ -->\n<title>Banzai szuper b\u00f3nusz kriptovalut\u00e1ra | 20% b\u00f3nusz kriptovaluta befizet\u00e9sekre!<\/title>\n<meta name=\"description\" content=\"Szerezzen szuper b\u00f3nuszt a Banzai kriptovaluta befizet\u00e9seire! Tegyen befizet\u00e9st 5000 HUF-t\u00f3l kezdve, \u00e9s szerezzen 20% b\u00f3nuszt, maximum 35 000 HUF \u00e9rt\u00e9kben. Vegyen r\u00e9szt a prom\u00f3ci\u00f3ban, fogadja el a b\u00f3nuszt, \u00e9s \u00e9lvezze a j\u00e1t\u00e9kot a Banzai.bet oldalon.\" \/>\n<meta name=\"robots\" content=\"index, follow, max-snippet:-1, max-image-preview:large, max-video-preview:-1\" \/>\n<meta property=\"og:locale\" content=\"hu_HU\" \/>\n<meta property=\"og:type\" content=\"article\" \/>\n<meta property=\"og:title\" content=\"Banzai szuper b\u00f3nusz kriptovalut\u00e1ra | 20% b\u00f3nusz kriptovaluta befizet\u00e9sekre!\" \/>\n<meta property=\"og:description\" content=\"Szerezzen szuper b\u00f3nuszt a Banzai kriptovaluta befizet\u00e9seire! Tegyen befizet\u00e9st 5000 HUF-t\u00f3l kezdve, \u00e9s szerezzen 20% b\u00f3nuszt, maximum 35 000 HUF \u00e9rt\u00e9kben. Vegyen r\u00e9szt a prom\u00f3ci\u00f3ban, fogadja el a b\u00f3nuszt, \u00e9s \u00e9lvezze a j\u00e1t\u00e9kot a Banzai.bet oldalon.\" \/>\n<meta property=\"og:url\" content=\"https:\/\/banzai.team\/hu\/bonus\/super-crypto-bonus\/\" \/>\n<meta property=\"og:site_name\" content=\"Banzai Team hu\" \/>\n<meta property=\"article:modified_time\" content=\"2025-08-06T13:49:56+00:00\" \/>\n<meta name=\"twitter:card\" content=\"summary_large_image\" \/>\n<script type=\"application\/ld+json\" class=\"yoast-schema-graph\">{\"@context\":\"https:\\\/\\\/schema.org\",\"@graph\":[{\"@type\":\"WebPage\",\"@id\":\"https:\\\/\\\/banzai.team\\\/hu\\\/bonus\\\/super-crypto-bonus\\\/\",\"url\":\"https:\\\/\\\/banzai.team\\\/hu\\\/bonus\\\/super-crypto-bonus\\\/\",\"name\":\"Banzai szuper b\u00f3nusz kriptovalut\u00e1ra | 20% b\u00f3nusz kriptovaluta befizet\u00e9sekre!\",\"isPartOf\":{\"@id\":\"https:\\\/\\\/banzai.team\\\/hu\\\/#website\"},\"datePublished\":\"2025-07-11T08:11:03+00:00\",\"dateModified\":\"2025-08-06T13:49:56+00:00\",\"description\":\"Szerezzen szuper b\u00f3nuszt a Banzai kriptovaluta befizet\u00e9seire! Tegyen befizet\u00e9st 5000 HUF-t\u00f3l kezdve, \u00e9s szerezzen 20% b\u00f3nuszt, maximum 35 000 HUF \u00e9rt\u00e9kben. Vegyen r\u00e9szt a prom\u00f3ci\u00f3ban, fogadja el a b\u00f3nuszt, \u00e9s \u00e9lvezze a j\u00e1t\u00e9kot a Banzai.bet oldalon.\",\"breadcrumb\":{\"@id\":\"https:\\\/\\\/banzai.team\\\/hu\\\/bonus\\\/super-crypto-bonus\\\/#breadcrumb\"},\"inLanguage\":\"hu\",\"potentialAction\":[{\"@type\":\"ReadAction\",\"target\":[\"https:\\\/\\\/banzai.team\\\/hu\\\/bonus\\\/super-crypto-bonus\\\/\"]}]},{\"@type\":\"BreadcrumbList\",\"@id\":\"https:\\\/\\\/banzai.team\\\/hu\\\/bonus\\\/super-crypto-bonus\\\/#breadcrumb\",\"itemListElement\":[{\"@type\":\"ListItem\",\"position\":1,\"name\":\"Home\",\"item\":\"https:\\\/\\\/banzai.team\\\/hu\\\/\"},{\"@type\":\"ListItem\",\"position\":2,\"name\":\"B\u00f3nusz\",\"item\":\"https:\\\/\\\/banzai.team\\\/hu\\\/bonus\\\/\"},{\"@type\":\"ListItem\",\"position\":3,\"name\":\"Szuper kriptovaluta b\u00f3nusz\"}]},{\"@type\":\"WebSite\",\"@id\":\"https:\\\/\\\/banzai.team\\\/hu\\\/#website\",\"url\":\"https:\\\/\\\/banzai.team\\\/hu\\\/\",\"name\":\"Banzai Team hu\",\"description\":\"My WordPress Blog\",\"potentialAction\":[{\"@type\":\"SearchAction\",\"target\":{\"@type\":\"EntryPoint\",\"urlTemplate\":\"https:\\\/\\\/banzai.team\\\/hu\\\/?s={search_term_string}\"},\"query-input\":{\"@type\":\"PropertyValueSpecification\",\"valueRequired\":true,\"valueName\":\"search_term_string\"}}],\"inLanguage\":\"hu\"}]}<\/script>\n<!-- \/ Yoast SEO plugin. -->","yoast_head_json":{"title":"Banzai szuper b\u00f3nusz kriptovalut\u00e1ra | 20% b\u00f3nusz kriptovaluta befizet\u00e9sekre!","description":"Szerezzen szuper b\u00f3nuszt a Banzai kriptovaluta befizet\u00e9seire! Tegyen befizet\u00e9st 5000 HUF-t\u00f3l kezdve, \u00e9s szerezzen 20% b\u00f3nuszt, maximum 35 000 HUF \u00e9rt\u00e9kben. Vegyen r\u00e9szt a prom\u00f3ci\u00f3ban, fogadja el a b\u00f3nuszt, \u00e9s \u00e9lvezze a j\u00e1t\u00e9kot a Banzai.bet oldalon.","robots":{"index":"index","follow":"follow","max-snippet":"max-snippet:-1","max-image-preview":"max-image-preview:large","max-video-preview":"max-video-preview:-1"},"og_locale":"hu_HU","og_type":"article","og_title":"Banzai szuper b\u00f3nusz kriptovalut\u00e1ra | 20% b\u00f3nusz kriptovaluta befizet\u00e9sekre!","og_description":"Szerezzen szuper b\u00f3nuszt a Banzai kriptovaluta befizet\u00e9seire! Tegyen befizet\u00e9st 5000 HUF-t\u00f3l kezdve, \u00e9s szerezzen 20% b\u00f3nuszt, maximum 35 000 HUF \u00e9rt\u00e9kben. Vegyen r\u00e9szt a prom\u00f3ci\u00f3ban, fogadja el a b\u00f3nuszt, \u00e9s \u00e9lvezze a j\u00e1t\u00e9kot a Banzai.bet oldalon.","og_url":"https:\/\/banzai.team\/hu\/bonus\/super-crypto-bonus\/","og_site_name":"Banzai Team hu","article_modified_time":"2025-08-06T13:49:56+00:00","twitter_card":"summary_large_image","schema":{"@context":"https:\/\/schema.org","@graph":[{"@type":"WebPage","@id":"https:\/\/banzai.team\/hu\/bonus\/super-crypto-bonus\/","url":"https:\/\/banzai.team\/hu\/bonus\/super-crypto-bonus\/","name":"Banzai szuper b\u00f3nusz kriptovalut\u00e1ra | 20% b\u00f3nusz kriptovaluta befizet\u00e9sekre!","isPartOf":{"@id":"https:\/\/banzai.team\/hu\/#website"},"datePublished":"2025-07-11T08:11:03+00:00","dateModified":"2025-08-06T13:49:56+00:00","description":"Szerezzen szuper b\u00f3nuszt a Banzai kriptovaluta befizet\u00e9seire! Tegyen befizet\u00e9st 5000 HUF-t\u00f3l kezdve, \u00e9s szerezzen 20% b\u00f3nuszt, maximum 35 000 HUF \u00e9rt\u00e9kben. Vegyen r\u00e9szt a prom\u00f3ci\u00f3ban, fogadja el a b\u00f3nuszt, \u00e9s \u00e9lvezze a j\u00e1t\u00e9kot a Banzai.bet oldalon.","breadcrumb":{"@id":"https:\/\/banzai.team\/hu\/bonus\/super-crypto-bonus\/#breadcrumb"},"inLanguage":"hu","potentialAction":[{"@type":"ReadAction","target":["https:\/\/banzai.team\/hu\/bonus\/super-crypto-bonus\/"]}]},{"@type":"BreadcrumbList","@id":"https:\/\/banzai.team\/hu\/bonus\/super-crypto-bonus\/#breadcrumb","itemListElement":[{"@type":"ListItem","position":1,"name":"Home","item":"https:\/\/banzai.team\/hu\/"},{"@type":"ListItem","position":2,"name":"B\u00f3nusz","item":"https:\/\/banzai.team\/hu\/bonus\/"},{"@type":"ListItem","position":3,"name":"Szuper kriptovaluta b\u00f3nusz"}]},{"@type":"WebSite","@id":"https:\/\/banzai.team\/hu\/#website","url":"https:\/\/banzai.team\/hu\/","name":"Banzai Team hu","description":"My WordPress Blog","potentialAction":[{"@type":"SearchAction","target":{"@type":"EntryPoint","urlTemplate":"https:\/\/banzai.team\/hu\/?s={search_term_string}"},"query-input":{"@type":"PropertyValueSpecification","valueRequired":true,"valueName":"search_term_string"}}],"inLanguage":"hu"}]}},"_links":{"self":[{"href":"https:\/\/banzai.team\/hu\/wp-json\/wp\/v2\/pages\/430","targetHints":{"allow":["GET"]}}],"collection":[{"href":"https:\/\/banzai.team\/hu\/wp-json\/wp\/v2\/pages"}],"about":[{"href":"https:\/\/banzai.team\/hu\/wp-json\/wp\/v2\/types\/page"}],"author":[{"embeddable":true,"href":"https:\/\/banzai.team\/hu\/wp-json\/wp\/v2\/users\/1"}],"replies":[{"embeddable":true,"href":"https:\/\/banzai.team\/hu\/wp-json\/wp\/v2\/comments?post=430"}],"version-history":[{"count":3,"href":"https:\/\/banzai.team\/hu\/wp-json\/wp\/v2\/pages\/430\/revisions"}],"predecessor-version":[{"id":489,"href":"https:\/\/banzai.team\/hu\/wp-json\/wp\/v2\/pages\/430\/revisions\/489"}],"up":[{"embeddable":true,"href":"https:\/\/banzai.team\/hu\/wp-json\/wp\/v2\/pages\/152"}],"wp:attachment":[{"href":"https:\/\/banzai.team\/hu\/wp-json\/wp\/v2\/media?parent=430"}],"curies":[{"name":"wp","href":"https:\/\/api.w.org\/{rel}","templated":true}]}}