{"id":152,"date":"2023-05-18T17:39:43","date_gmt":"2023-05-18T17:39:43","guid":{"rendered":"https:\/\/banzai.team\/it\/?page_id=152"},"modified":"2025-07-30T15:29:45","modified_gmt":"2025-07-30T15:29:45","slug":"bonus","status":"publish","type":"page","link":"https:\/\/banzai.team\/it\/bonus\/","title":{"rendered":"Bonus"},"content":{"rendered":"","protected":false},"excerpt":{"rendered":"","protected":false},"author":1,"featured_media":0,"parent":0,"menu_order":0,"comment_status":"closed","ping_status":"closed","template":"","meta":{"footnotes":""},"class_list":["post-152","page","type-page","status-publish","hentry"],"yoast_head":"<!-- This site is optimized with the Yoast SEO plugin v27.4 - https:\/\/yoast.com\/product\/yoast-seo-wordpress\/ -->\n<title>I migliori bonus di Banzai Bet \u2714 Offerte attuali e codici promozionali<\/title>\n<meta name=\"description\" content=\"Scopri i fantastici bonus di Banzai Bet! Non perdere l&#039;occasione di aumentare il tuo bankroll con le nostre generose offerte e codici promozionali. Entrate e prendete ci\u00f2 che \u00e8 vostro: il gioco \u00e8 appena iniziato.\" \/>\n<meta name=\"robots\" content=\"index, follow, max-snippet:-1, max-image-preview:large, max-video-preview:-1\" \/>\n<meta property=\"og:locale\" content=\"it_IT\" \/>\n<meta property=\"og:type\" content=\"article\" \/>\n<meta property=\"og:title\" content=\"I migliori bonus di Banzai Bet \u2714 Offerte attuali e codici promozionali\" \/>\n<meta property=\"og:description\" content=\"Scopri i fantastici bonus di Banzai Bet! Non perdere l&#039;occasione di aumentare il tuo bankroll con le nostre generose offerte e codici promozionali. Entrate e prendete ci\u00f2 che \u00e8 vostro: il gioco \u00e8 appena iniziato.\" \/>\n<meta property=\"og:url\" content=\"https:\/\/banzai.team\/it\/bonus\/\" \/>\n<meta property=\"og:site_name\" content=\"Banzai Team it\" \/>\n<meta property=\"article:modified_time\" content=\"2025-07-30T15:29:45+00:00\" \/>\n<meta name=\"twitter:card\" content=\"summary_large_image\" \/>\n<script type=\"application\/ld+json\" class=\"yoast-schema-graph\">{\"@context\":\"https:\\\/\\\/schema.org\",\"@graph\":[{\"@type\":\"WebPage\",\"@id\":\"https:\\\/\\\/banzai.team\\\/it\\\/bonus\\\/\",\"url\":\"https:\\\/\\\/banzai.team\\\/it\\\/bonus\\\/\",\"name\":\"I migliori bonus di Banzai Bet \u2714 Offerte attuali e codici promozionali\",\"isPartOf\":{\"@id\":\"https:\\\/\\\/banzai.team\\\/it\\\/#website\"},\"datePublished\":\"2023-05-18T17:39:43+00:00\",\"dateModified\":\"2025-07-30T15:29:45+00:00\",\"description\":\"Scopri i fantastici bonus di Banzai Bet! Non perdere l'occasione di aumentare il tuo bankroll con le nostre generose offerte e codici promozionali. Entrate e prendete ci\u00f2 che \u00e8 vostro: il gioco \u00e8 appena iniziato.\",\"breadcrumb\":{\"@id\":\"https:\\\/\\\/banzai.team\\\/it\\\/bonus\\\/#breadcrumb\"},\"inLanguage\":\"it-IT\",\"potentialAction\":[{\"@type\":\"ReadAction\",\"target\":[\"https:\\\/\\\/banzai.team\\\/it\\\/bonus\\\/\"]}]},{\"@type\":\"BreadcrumbList\",\"@id\":\"https:\\\/\\\/banzai.team\\\/it\\\/bonus\\\/#breadcrumb\",\"itemListElement\":[{\"@type\":\"ListItem\",\"position\":1,\"name\":\"Home\",\"item\":\"https:\\\/\\\/banzai.team\\\/it\\\/\"},{\"@type\":\"ListItem\",\"position\":2,\"name\":\"Bonus\"}]},{\"@type\":\"WebSite\",\"@id\":\"https:\\\/\\\/banzai.team\\\/it\\\/#website\",\"url\":\"https:\\\/\\\/banzai.team\\\/it\\\/\",\"name\":\"Banzai Team it\",\"description\":\"My WordPress Blog\",\"potentialAction\":[{\"@type\":\"SearchAction\",\"target\":{\"@type\":\"EntryPoint\",\"urlTemplate\":\"https:\\\/\\\/banzai.team\\\/it\\\/?s={search_term_string}\"},\"query-input\":{\"@type\":\"PropertyValueSpecification\",\"valueRequired\":true,\"valueName\":\"search_term_string\"}}],\"inLanguage\":\"it-IT\"}]}<\/script>\n<!-- \/ Yoast SEO plugin. -->","yoast_head_json":{"title":"I migliori bonus di Banzai Bet \u2714 Offerte attuali e codici promozionali","description":"Scopri i fantastici bonus di Banzai Bet! Non perdere l'occasione di aumentare il tuo bankroll con le nostre generose offerte e codici promozionali. Entrate e prendete ci\u00f2 che \u00e8 vostro: il gioco \u00e8 appena iniziato.","robots":{"index":"index","follow":"follow","max-snippet":"max-snippet:-1","max-image-preview":"max-image-preview:large","max-video-preview":"max-video-preview:-1"},"og_locale":"it_IT","og_type":"article","og_title":"I migliori bonus di Banzai Bet \u2714 Offerte attuali e codici promozionali","og_description":"Scopri i fantastici bonus di Banzai Bet! Non perdere l'occasione di aumentare il tuo bankroll con le nostre generose offerte e codici promozionali. Entrate e prendete ci\u00f2 che \u00e8 vostro: il gioco \u00e8 appena iniziato.","og_url":"https:\/\/banzai.team\/it\/bonus\/","og_site_name":"Banzai Team it","article_modified_time":"2025-07-30T15:29:45+00:00","twitter_card":"summary_large_image","schema":{"@context":"https:\/\/schema.org","@graph":[{"@type":"WebPage","@id":"https:\/\/banzai.team\/it\/bonus\/","url":"https:\/\/banzai.team\/it\/bonus\/","name":"I migliori bonus di Banzai Bet \u2714 Offerte attuali e codici promozionali","isPartOf":{"@id":"https:\/\/banzai.team\/it\/#website"},"datePublished":"2023-05-18T17:39:43+00:00","dateModified":"2025-07-30T15:29:45+00:00","description":"Scopri i fantastici bonus di Banzai Bet! Non perdere l'occasione di aumentare il tuo bankroll con le nostre generose offerte e codici promozionali. Entrate e prendete ci\u00f2 che \u00e8 vostro: il gioco \u00e8 appena iniziato.","breadcrumb":{"@id":"https:\/\/banzai.team\/it\/bonus\/#breadcrumb"},"inLanguage":"it-IT","potentialAction":[{"@type":"ReadAction","target":["https:\/\/banzai.team\/it\/bonus\/"]}]},{"@type":"BreadcrumbList","@id":"https:\/\/banzai.team\/it\/bonus\/#breadcrumb","itemListElement":[{"@type":"ListItem","position":1,"name":"Home","item":"https:\/\/banzai.team\/it\/"},{"@type":"ListItem","position":2,"name":"Bonus"}]},{"@type":"WebSite","@id":"https:\/\/banzai.team\/it\/#website","url":"https:\/\/banzai.team\/it\/","name":"Banzai Team it","description":"My WordPress Blog","potentialAction":[{"@type":"SearchAction","target":{"@type":"EntryPoint","urlTemplate":"https:\/\/banzai.team\/it\/?s={search_term_string}"},"query-input":{"@type":"PropertyValueSpecification","valueRequired":true,"valueName":"search_term_string"}}],"inLanguage":"it-IT"}]}},"_links":{"self":[{"href":"https:\/\/banzai.team\/it\/wp-json\/wp\/v2\/pages\/152","targetHints":{"allow":["GET"]}}],"collection":[{"href":"https:\/\/banzai.team\/it\/wp-json\/wp\/v2\/pages"}],"about":[{"href":"https:\/\/banzai.team\/it\/wp-json\/wp\/v2\/types\/page"}],"author":[{"embeddable":true,"href":"https:\/\/banzai.team\/it\/wp-json\/wp\/v2\/users\/1"}],"replies":[{"embeddable":true,"href":"https:\/\/banzai.team\/it\/wp-json\/wp\/v2\/comments?post=152"}],"version-history":[{"count":12,"href":"https:\/\/banzai.team\/it\/wp-json\/wp\/v2\/pages\/152\/revisions"}],"predecessor-version":[{"id":482,"href":"https:\/\/banzai.team\/it\/wp-json\/wp\/v2\/pages\/152\/revisions\/482"}],"wp:attachment":[{"href":"https:\/\/banzai.team\/it\/wp-json\/wp\/v2\/media?parent=152"}],"curies":[{"name":"wp","href":"https:\/\/api.w.org\/{rel}","templated":true}]}}