{"id":152,"date":"2023-05-18T17:39:43","date_gmt":"2023-05-18T17:39:43","guid":{"rendered":"https:\/\/banzai.team\/pt\/?page_id=152"},"modified":"2025-07-28T19:10:32","modified_gmt":"2025-07-28T19:10:32","slug":"bonus","status":"publish","type":"page","link":"https:\/\/banzai.team\/pt\/bonus\/","title":{"rendered":"B\u00f3nus"},"content":{"rendered":"","protected":false},"excerpt":{"rendered":"","protected":false},"author":1,"featured_media":0,"parent":0,"menu_order":0,"comment_status":"closed","ping_status":"closed","template":"","meta":{"footnotes":""},"class_list":["post-152","page","type-page","status-publish","hentry"],"yoast_head":"<!-- This site is optimized with the Yoast SEO plugin v27.4 - https:\/\/yoast.com\/product\/yoast-seo-wordpress\/ -->\n<title>Melhores B\u00f3nus Banzai Bet \u2714 Ofertas actuais<\/title>\n<meta name=\"description\" content=\"Descubra os fant\u00e1sticos b\u00f3nus da Banzai Bet! N\u00e3o perca a oportunidade de aumentar a sua banca com as nossas generosas ofertas e c\u00f3digos promocionais. Entre e ganhe o que \u00e9 seu - o jogo est\u00e1 apenas a come\u00e7ar!\" \/>\n<meta name=\"robots\" content=\"index, follow, max-snippet:-1, max-image-preview:large, max-video-preview:-1\" \/>\n<meta property=\"og:locale\" content=\"pt_PT\" \/>\n<meta property=\"og:type\" content=\"article\" \/>\n<meta property=\"og:title\" content=\"Melhores B\u00f3nus Banzai Bet \u2714 Ofertas actuais\" \/>\n<meta property=\"og:description\" content=\"Descubra os fant\u00e1sticos b\u00f3nus da Banzai Bet! N\u00e3o perca a oportunidade de aumentar a sua banca com as nossas generosas ofertas e c\u00f3digos promocionais. Entre e ganhe o que \u00e9 seu - o jogo est\u00e1 apenas a come\u00e7ar!\" \/>\n<meta property=\"og:url\" content=\"https:\/\/banzai.team\/pt\/bonus\/\" \/>\n<meta property=\"og:site_name\" content=\"Banzai Team pt\" \/>\n<meta property=\"article:modified_time\" content=\"2025-07-28T19:10:32+00:00\" \/>\n<meta name=\"twitter:card\" content=\"summary_large_image\" \/>\n<script type=\"application\/ld+json\" class=\"yoast-schema-graph\">{\"@context\":\"https:\\\/\\\/schema.org\",\"@graph\":[{\"@type\":\"WebPage\",\"@id\":\"https:\\\/\\\/banzai.team\\\/pt\\\/bonus\\\/\",\"url\":\"https:\\\/\\\/banzai.team\\\/pt\\\/bonus\\\/\",\"name\":\"Melhores B\u00f3nus Banzai Bet \u2714 Ofertas actuais\",\"isPartOf\":{\"@id\":\"https:\\\/\\\/banzai.team\\\/pt\\\/#website\"},\"datePublished\":\"2023-05-18T17:39:43+00:00\",\"dateModified\":\"2025-07-28T19:10:32+00:00\",\"description\":\"Descubra os fant\u00e1sticos b\u00f3nus da Banzai Bet! N\u00e3o perca a oportunidade de aumentar a sua banca com as nossas generosas ofertas e c\u00f3digos promocionais. Entre e ganhe o que \u00e9 seu - o jogo est\u00e1 apenas a come\u00e7ar!\",\"breadcrumb\":{\"@id\":\"https:\\\/\\\/banzai.team\\\/pt\\\/bonus\\\/#breadcrumb\"},\"inLanguage\":\"pt-PT\",\"potentialAction\":[{\"@type\":\"ReadAction\",\"target\":[\"https:\\\/\\\/banzai.team\\\/pt\\\/bonus\\\/\"]}]},{\"@type\":\"BreadcrumbList\",\"@id\":\"https:\\\/\\\/banzai.team\\\/pt\\\/bonus\\\/#breadcrumb\",\"itemListElement\":[{\"@type\":\"ListItem\",\"position\":1,\"name\":\"Home\",\"item\":\"https:\\\/\\\/banzai.team\\\/pt\\\/\"},{\"@type\":\"ListItem\",\"position\":2,\"name\":\"B\u00f3nus\"}]},{\"@type\":\"WebSite\",\"@id\":\"https:\\\/\\\/banzai.team\\\/pt\\\/#website\",\"url\":\"https:\\\/\\\/banzai.team\\\/pt\\\/\",\"name\":\"Banzai Team pt\",\"description\":\"My WordPress Blog\",\"potentialAction\":[{\"@type\":\"SearchAction\",\"target\":{\"@type\":\"EntryPoint\",\"urlTemplate\":\"https:\\\/\\\/banzai.team\\\/pt\\\/?s={search_term_string}\"},\"query-input\":{\"@type\":\"PropertyValueSpecification\",\"valueRequired\":true,\"valueName\":\"search_term_string\"}}],\"inLanguage\":\"pt-PT\"}]}<\/script>\n<!-- \/ Yoast SEO plugin. -->","yoast_head_json":{"title":"Melhores B\u00f3nus Banzai Bet \u2714 Ofertas actuais","description":"Descubra os fant\u00e1sticos b\u00f3nus da Banzai Bet! N\u00e3o perca a oportunidade de aumentar a sua banca com as nossas generosas ofertas e c\u00f3digos promocionais. Entre e ganhe o que \u00e9 seu - o jogo est\u00e1 apenas a come\u00e7ar!","robots":{"index":"index","follow":"follow","max-snippet":"max-snippet:-1","max-image-preview":"max-image-preview:large","max-video-preview":"max-video-preview:-1"},"og_locale":"pt_PT","og_type":"article","og_title":"Melhores B\u00f3nus Banzai Bet \u2714 Ofertas actuais","og_description":"Descubra os fant\u00e1sticos b\u00f3nus da Banzai Bet! N\u00e3o perca a oportunidade de aumentar a sua banca com as nossas generosas ofertas e c\u00f3digos promocionais. Entre e ganhe o que \u00e9 seu - o jogo est\u00e1 apenas a come\u00e7ar!","og_url":"https:\/\/banzai.team\/pt\/bonus\/","og_site_name":"Banzai Team pt","article_modified_time":"2025-07-28T19:10:32+00:00","twitter_card":"summary_large_image","schema":{"@context":"https:\/\/schema.org","@graph":[{"@type":"WebPage","@id":"https:\/\/banzai.team\/pt\/bonus\/","url":"https:\/\/banzai.team\/pt\/bonus\/","name":"Melhores B\u00f3nus Banzai Bet \u2714 Ofertas actuais","isPartOf":{"@id":"https:\/\/banzai.team\/pt\/#website"},"datePublished":"2023-05-18T17:39:43+00:00","dateModified":"2025-07-28T19:10:32+00:00","description":"Descubra os fant\u00e1sticos b\u00f3nus da Banzai Bet! N\u00e3o perca a oportunidade de aumentar a sua banca com as nossas generosas ofertas e c\u00f3digos promocionais. Entre e ganhe o que \u00e9 seu - o jogo est\u00e1 apenas a come\u00e7ar!","breadcrumb":{"@id":"https:\/\/banzai.team\/pt\/bonus\/#breadcrumb"},"inLanguage":"pt-PT","potentialAction":[{"@type":"ReadAction","target":["https:\/\/banzai.team\/pt\/bonus\/"]}]},{"@type":"BreadcrumbList","@id":"https:\/\/banzai.team\/pt\/bonus\/#breadcrumb","itemListElement":[{"@type":"ListItem","position":1,"name":"Home","item":"https:\/\/banzai.team\/pt\/"},{"@type":"ListItem","position":2,"name":"B\u00f3nus"}]},{"@type":"WebSite","@id":"https:\/\/banzai.team\/pt\/#website","url":"https:\/\/banzai.team\/pt\/","name":"Banzai Team pt","description":"My WordPress Blog","potentialAction":[{"@type":"SearchAction","target":{"@type":"EntryPoint","urlTemplate":"https:\/\/banzai.team\/pt\/?s={search_term_string}"},"query-input":{"@type":"PropertyValueSpecification","valueRequired":true,"valueName":"search_term_string"}}],"inLanguage":"pt-PT"}]}},"_links":{"self":[{"href":"https:\/\/banzai.team\/pt\/wp-json\/wp\/v2\/pages\/152","targetHints":{"allow":["GET"]}}],"collection":[{"href":"https:\/\/banzai.team\/pt\/wp-json\/wp\/v2\/pages"}],"about":[{"href":"https:\/\/banzai.team\/pt\/wp-json\/wp\/v2\/types\/page"}],"author":[{"embeddable":true,"href":"https:\/\/banzai.team\/pt\/wp-json\/wp\/v2\/users\/1"}],"replies":[{"embeddable":true,"href":"https:\/\/banzai.team\/pt\/wp-json\/wp\/v2\/comments?post=152"}],"version-history":[{"count":14,"href":"https:\/\/banzai.team\/pt\/wp-json\/wp\/v2\/pages\/152\/revisions"}],"predecessor-version":[{"id":496,"href":"https:\/\/banzai.team\/pt\/wp-json\/wp\/v2\/pages\/152\/revisions\/496"}],"wp:attachment":[{"href":"https:\/\/banzai.team\/pt\/wp-json\/wp\/v2\/media?parent=152"}],"curies":[{"name":"wp","href":"https:\/\/api.w.org\/{rel}","templated":true}]}}