{"id":2,"date":"2024-05-18T17:18:34","date_gmt":"2024-05-18T17:18:34","guid":{"rendered":"https:\/\/banzai.team\/pt\/?page_id=2"},"modified":"2025-07-28T19:05:14","modified_gmt":"2025-07-28T19:05:14","slug":"sample-page","status":"publish","type":"page","link":"https:\/\/banzai.team\/pt\/","title":{"rendered":"In\u00edcio"},"content":{"rendered":"","protected":false},"excerpt":{"rendered":"","protected":false},"author":1,"featured_media":0,"parent":0,"menu_order":0,"comment_status":"closed","ping_status":"closed","template":"","meta":{"footnotes":""},"class_list":["post-2","page","type-page","status-publish","hentry"],"yoast_head":"<!-- This site is optimized with the Yoast SEO plugin v23.2 - https:\/\/yoast.com\/wordpress\/plugins\/seo\/ -->\n<title>Banzai Bet Casino e Apostas \u2b50 Registo<\/title>\n<meta name=\"description\" content=\"Experimente a emo\u00e7\u00e3o e as recompensas com uma extensa sele\u00e7\u00e3o de slots e jogos de mesa no site oficial do Banzai.Bet! Tente a sua sorte e receba 150% de oferta de primeiro dep\u00f3sito com rodadas gr\u00e1tis no casino ao vivo BanzaiBET\" \/>\n<meta name=\"robots\" content=\"index, follow, max-snippet:-1, max-image-preview:large, max-video-preview:-1\" \/>\n<meta property=\"og:locale\" content=\"pt_PT\" \/>\n<meta property=\"og:type\" content=\"article\" \/>\n<meta property=\"og:title\" content=\"Banzai Bet Casino e Apostas \u2b50 Registo\" \/>\n<meta property=\"og:description\" content=\"Experimente a emo\u00e7\u00e3o e as recompensas com uma extensa sele\u00e7\u00e3o de slots e jogos de mesa no site oficial do Banzai.Bet! Tente a sua sorte e receba 150% de oferta de primeiro dep\u00f3sito com rodadas gr\u00e1tis no casino ao vivo BanzaiBET\" \/>\n<meta property=\"og:url\" content=\"https:\/\/banzai.team\/pt\/\" \/>\n<meta property=\"og:site_name\" content=\"Banzai Team pt\" \/>\n<meta property=\"article:modified_time\" content=\"2025-07-28T19:05:14+00:00\" \/>\n<meta name=\"twitter:card\" content=\"summary_large_image\" \/>\n<script type=\"application\/ld+json\" class=\"yoast-schema-graph\">{\"@context\":\"https:\/\/schema.org\",\"@graph\":[{\"@type\":\"WebPage\",\"@id\":\"https:\/\/banzai.team\/pt\/\",\"url\":\"https:\/\/banzai.team\/pt\/\",\"name\":\"Banzai Bet Casino e Apostas \u2b50 Registo\",\"isPartOf\":{\"@id\":\"https:\/\/banzai.team\/pt\/#website\"},\"datePublished\":\"2024-05-18T17:18:34+00:00\",\"dateModified\":\"2025-07-28T19:05:14+00:00\",\"description\":\"Experimente a emo\u00e7\u00e3o e as recompensas com uma extensa sele\u00e7\u00e3o de slots e jogos de mesa no site oficial do Banzai.Bet! Tente a sua sorte e receba 150% de oferta de primeiro dep\u00f3sito com rodadas gr\u00e1tis no casino ao vivo BanzaiBET\",\"breadcrumb\":{\"@id\":\"https:\/\/banzai.team\/pt\/#breadcrumb\"},\"inLanguage\":\"pt-PT\",\"potentialAction\":[{\"@type\":\"ReadAction\",\"target\":[\"https:\/\/banzai.team\/pt\/\"]}]},{\"@type\":\"BreadcrumbList\",\"@id\":\"https:\/\/banzai.team\/pt\/#breadcrumb\",\"itemListElement\":[{\"@type\":\"ListItem\",\"position\":1,\"name\":\"Home\",\"item\":\"https:\/\/banzai.team\/pt\/\"},{\"@type\":\"ListItem\",\"position\":2,\"name\":\"In\u00edcio\"}]},{\"@type\":\"WebSite\",\"@id\":\"https:\/\/banzai.team\/pt\/#website\",\"url\":\"https:\/\/banzai.team\/pt\/\",\"name\":\"Banzai Team pt\",\"description\":\"My WordPress Blog\",\"potentialAction\":[{\"@type\":\"SearchAction\",\"target\":{\"@type\":\"EntryPoint\",\"urlTemplate\":\"https:\/\/banzai.team\/pt\/?s={search_term_string}\"},\"query-input\":\"required name=search_term_string\"}],\"inLanguage\":\"pt-PT\"}]}<\/script>\n<!-- \/ Yoast SEO plugin. -->","yoast_head_json":{"title":"Banzai Bet Casino e Apostas \u2b50 Registo","description":"Experimente a emo\u00e7\u00e3o e as recompensas com uma extensa sele\u00e7\u00e3o de slots e jogos de mesa no site oficial do Banzai.Bet! Tente a sua sorte e receba 150% de oferta de primeiro dep\u00f3sito com rodadas gr\u00e1tis no casino ao vivo BanzaiBET","robots":{"index":"index","follow":"follow","max-snippet":"max-snippet:-1","max-image-preview":"max-image-preview:large","max-video-preview":"max-video-preview:-1"},"og_locale":"pt_PT","og_type":"article","og_title":"Banzai Bet Casino e Apostas \u2b50 Registo","og_description":"Experimente a emo\u00e7\u00e3o e as recompensas com uma extensa sele\u00e7\u00e3o de slots e jogos de mesa no site oficial do Banzai.Bet! Tente a sua sorte e receba 150% de oferta de primeiro dep\u00f3sito com rodadas gr\u00e1tis no casino ao vivo BanzaiBET","og_url":"https:\/\/banzai.team\/pt\/","og_site_name":"Banzai Team pt","article_modified_time":"2025-07-28T19:05:14+00:00","twitter_card":"summary_large_image","schema":{"@context":"https:\/\/schema.org","@graph":[{"@type":"WebPage","@id":"https:\/\/banzai.team\/pt\/","url":"https:\/\/banzai.team\/pt\/","name":"Banzai Bet Casino e Apostas \u2b50 Registo","isPartOf":{"@id":"https:\/\/banzai.team\/pt\/#website"},"datePublished":"2024-05-18T17:18:34+00:00","dateModified":"2025-07-28T19:05:14+00:00","description":"Experimente a emo\u00e7\u00e3o e as recompensas com uma extensa sele\u00e7\u00e3o de slots e jogos de mesa no site oficial do Banzai.Bet! Tente a sua sorte e receba 150% de oferta de primeiro dep\u00f3sito com rodadas gr\u00e1tis no casino ao vivo BanzaiBET","breadcrumb":{"@id":"https:\/\/banzai.team\/pt\/#breadcrumb"},"inLanguage":"pt-PT","potentialAction":[{"@type":"ReadAction","target":["https:\/\/banzai.team\/pt\/"]}]},{"@type":"BreadcrumbList","@id":"https:\/\/banzai.team\/pt\/#breadcrumb","itemListElement":[{"@type":"ListItem","position":1,"name":"Home","item":"https:\/\/banzai.team\/pt\/"},{"@type":"ListItem","position":2,"name":"In\u00edcio"}]},{"@type":"WebSite","@id":"https:\/\/banzai.team\/pt\/#website","url":"https:\/\/banzai.team\/pt\/","name":"Banzai Team pt","description":"My WordPress Blog","potentialAction":[{"@type":"SearchAction","target":{"@type":"EntryPoint","urlTemplate":"https:\/\/banzai.team\/pt\/?s={search_term_string}"},"query-input":"required name=search_term_string"}],"inLanguage":"pt-PT"}]}},"_links":{"self":[{"href":"https:\/\/banzai.team\/pt\/wp-json\/wp\/v2\/pages\/2","targetHints":{"allow":["GET"]}}],"collection":[{"href":"https:\/\/banzai.team\/pt\/wp-json\/wp\/v2\/pages"}],"about":[{"href":"https:\/\/banzai.team\/pt\/wp-json\/wp\/v2\/types\/page"}],"author":[{"embeddable":true,"href":"https:\/\/banzai.team\/pt\/wp-json\/wp\/v2\/users\/1"}],"replies":[{"embeddable":true,"href":"https:\/\/banzai.team\/pt\/wp-json\/wp\/v2\/comments?post=2"}],"version-history":[{"count":53,"href":"https:\/\/banzai.team\/pt\/wp-json\/wp\/v2\/pages\/2\/revisions"}],"predecessor-version":[{"id":502,"href":"https:\/\/banzai.team\/pt\/wp-json\/wp\/v2\/pages\/2\/revisions\/502"}],"wp:attachment":[{"href":"https:\/\/banzai.team\/pt\/wp-json\/wp\/v2\/media?parent=2"}],"curies":[{"name":"wp","href":"https:\/\/api.w.org\/{rel}","templated":true}]}}