{"id":281,"date":"2025-07-04T13:13:24","date_gmt":"2025-07-04T13:13:24","guid":{"rendered":"https:\/\/banzai.team\/pt\/?page_id=281"},"modified":"2025-07-28T19:09:23","modified_gmt":"2025-07-28T19:09:23","slug":"app","status":"publish","type":"page","link":"https:\/\/banzai.team\/pt\/app\/","title":{"rendered":"Aplica\u00e7\u00e3o"},"content":{"rendered":"","protected":false},"excerpt":{"rendered":"","protected":false},"author":1,"featured_media":0,"parent":0,"menu_order":0,"comment_status":"closed","ping_status":"closed","template":"","meta":{"footnotes":""},"class_list":["post-281","page","type-page","status-publish","hentry"],"yoast_head":"<!-- This site is optimized with the Yoast SEO plugin v27.4 - https:\/\/yoast.com\/product\/yoast-seo-wordpress\/ -->\n<title>Banzai Bet App para Android e iOS | Descarregue a aplica\u00e7\u00e3o<\/title>\n<meta name=\"description\" content=\"Descarregue a aplica\u00e7\u00e3o Banzai Bet no Android ou iOS e tenha acesso total \u00e0s apostas e b\u00f3nus a qualquer momento! Obtenha as melhores funcionalidades diretamente no seu smartphone - jogue de forma conveniente e ganhe mais vezes!\" \/>\n<meta name=\"robots\" content=\"index, follow, max-snippet:-1, max-image-preview:large, max-video-preview:-1\" \/>\n<meta property=\"og:locale\" content=\"pt_PT\" \/>\n<meta property=\"og:type\" content=\"article\" \/>\n<meta property=\"og:title\" content=\"Banzai Bet App para Android e iOS | Descarregue a aplica\u00e7\u00e3o\" \/>\n<meta property=\"og:description\" content=\"Descarregue a aplica\u00e7\u00e3o Banzai Bet no Android ou iOS e tenha acesso total \u00e0s apostas e b\u00f3nus a qualquer momento! Obtenha as melhores funcionalidades diretamente no seu smartphone - jogue de forma conveniente e ganhe mais vezes!\" \/>\n<meta property=\"og:url\" content=\"https:\/\/banzai.team\/pt\/app\/\" \/>\n<meta property=\"og:site_name\" content=\"Banzai Team pt\" \/>\n<meta property=\"article:modified_time\" content=\"2025-07-28T19:09:23+00:00\" \/>\n<meta name=\"twitter:card\" content=\"summary_large_image\" \/>\n<script type=\"application\/ld+json\" class=\"yoast-schema-graph\">{\"@context\":\"https:\\\/\\\/schema.org\",\"@graph\":[{\"@type\":\"WebPage\",\"@id\":\"https:\\\/\\\/banzai.team\\\/pt\\\/app\\\/\",\"url\":\"https:\\\/\\\/banzai.team\\\/pt\\\/app\\\/\",\"name\":\"Banzai Bet App para Android e iOS | Descarregue a aplica\u00e7\u00e3o\",\"isPartOf\":{\"@id\":\"https:\\\/\\\/banzai.team\\\/pt\\\/#website\"},\"datePublished\":\"2025-07-04T13:13:24+00:00\",\"dateModified\":\"2025-07-28T19:09:23+00:00\",\"description\":\"Descarregue a aplica\u00e7\u00e3o Banzai Bet no Android ou iOS e tenha acesso total \u00e0s apostas e b\u00f3nus a qualquer momento! Obtenha as melhores funcionalidades diretamente no seu smartphone - jogue de forma conveniente e ganhe mais vezes!\",\"breadcrumb\":{\"@id\":\"https:\\\/\\\/banzai.team\\\/pt\\\/app\\\/#breadcrumb\"},\"inLanguage\":\"pt-PT\",\"potentialAction\":[{\"@type\":\"ReadAction\",\"target\":[\"https:\\\/\\\/banzai.team\\\/pt\\\/app\\\/\"]}]},{\"@type\":\"BreadcrumbList\",\"@id\":\"https:\\\/\\\/banzai.team\\\/pt\\\/app\\\/#breadcrumb\",\"itemListElement\":[{\"@type\":\"ListItem\",\"position\":1,\"name\":\"Home\",\"item\":\"https:\\\/\\\/banzai.team\\\/pt\\\/\"},{\"@type\":\"ListItem\",\"position\":2,\"name\":\"Aplica\u00e7\u00e3o\"}]},{\"@type\":\"WebSite\",\"@id\":\"https:\\\/\\\/banzai.team\\\/pt\\\/#website\",\"url\":\"https:\\\/\\\/banzai.team\\\/pt\\\/\",\"name\":\"Banzai Team pt\",\"description\":\"My WordPress Blog\",\"potentialAction\":[{\"@type\":\"SearchAction\",\"target\":{\"@type\":\"EntryPoint\",\"urlTemplate\":\"https:\\\/\\\/banzai.team\\\/pt\\\/?s={search_term_string}\"},\"query-input\":{\"@type\":\"PropertyValueSpecification\",\"valueRequired\":true,\"valueName\":\"search_term_string\"}}],\"inLanguage\":\"pt-PT\"}]}<\/script>\n<!-- \/ Yoast SEO plugin. -->","yoast_head_json":{"title":"Banzai Bet App para Android e iOS | Descarregue a aplica\u00e7\u00e3o","description":"Descarregue a aplica\u00e7\u00e3o Banzai Bet no Android ou iOS e tenha acesso total \u00e0s apostas e b\u00f3nus a qualquer momento! Obtenha as melhores funcionalidades diretamente no seu smartphone - jogue de forma conveniente e ganhe mais vezes!","robots":{"index":"index","follow":"follow","max-snippet":"max-snippet:-1","max-image-preview":"max-image-preview:large","max-video-preview":"max-video-preview:-1"},"og_locale":"pt_PT","og_type":"article","og_title":"Banzai Bet App para Android e iOS | Descarregue a aplica\u00e7\u00e3o","og_description":"Descarregue a aplica\u00e7\u00e3o Banzai Bet no Android ou iOS e tenha acesso total \u00e0s apostas e b\u00f3nus a qualquer momento! Obtenha as melhores funcionalidades diretamente no seu smartphone - jogue de forma conveniente e ganhe mais vezes!","og_url":"https:\/\/banzai.team\/pt\/app\/","og_site_name":"Banzai Team pt","article_modified_time":"2025-07-28T19:09:23+00:00","twitter_card":"summary_large_image","schema":{"@context":"https:\/\/schema.org","@graph":[{"@type":"WebPage","@id":"https:\/\/banzai.team\/pt\/app\/","url":"https:\/\/banzai.team\/pt\/app\/","name":"Banzai Bet App para Android e iOS | Descarregue a aplica\u00e7\u00e3o","isPartOf":{"@id":"https:\/\/banzai.team\/pt\/#website"},"datePublished":"2025-07-04T13:13:24+00:00","dateModified":"2025-07-28T19:09:23+00:00","description":"Descarregue a aplica\u00e7\u00e3o Banzai Bet no Android ou iOS e tenha acesso total \u00e0s apostas e b\u00f3nus a qualquer momento! Obtenha as melhores funcionalidades diretamente no seu smartphone - jogue de forma conveniente e ganhe mais vezes!","breadcrumb":{"@id":"https:\/\/banzai.team\/pt\/app\/#breadcrumb"},"inLanguage":"pt-PT","potentialAction":[{"@type":"ReadAction","target":["https:\/\/banzai.team\/pt\/app\/"]}]},{"@type":"BreadcrumbList","@id":"https:\/\/banzai.team\/pt\/app\/#breadcrumb","itemListElement":[{"@type":"ListItem","position":1,"name":"Home","item":"https:\/\/banzai.team\/pt\/"},{"@type":"ListItem","position":2,"name":"Aplica\u00e7\u00e3o"}]},{"@type":"WebSite","@id":"https:\/\/banzai.team\/pt\/#website","url":"https:\/\/banzai.team\/pt\/","name":"Banzai Team pt","description":"My WordPress Blog","potentialAction":[{"@type":"SearchAction","target":{"@type":"EntryPoint","urlTemplate":"https:\/\/banzai.team\/pt\/?s={search_term_string}"},"query-input":{"@type":"PropertyValueSpecification","valueRequired":true,"valueName":"search_term_string"}}],"inLanguage":"pt-PT"}]}},"_links":{"self":[{"href":"https:\/\/banzai.team\/pt\/wp-json\/wp\/v2\/pages\/281","targetHints":{"allow":["GET"]}}],"collection":[{"href":"https:\/\/banzai.team\/pt\/wp-json\/wp\/v2\/pages"}],"about":[{"href":"https:\/\/banzai.team\/pt\/wp-json\/wp\/v2\/types\/page"}],"author":[{"embeddable":true,"href":"https:\/\/banzai.team\/pt\/wp-json\/wp\/v2\/users\/1"}],"replies":[{"embeddable":true,"href":"https:\/\/banzai.team\/pt\/wp-json\/wp\/v2\/comments?post=281"}],"version-history":[{"count":12,"href":"https:\/\/banzai.team\/pt\/wp-json\/wp\/v2\/pages\/281\/revisions"}],"predecessor-version":[{"id":495,"href":"https:\/\/banzai.team\/pt\/wp-json\/wp\/v2\/pages\/281\/revisions\/495"}],"wp:attachment":[{"href":"https:\/\/banzai.team\/pt\/wp-json\/wp\/v2\/media?parent=281"}],"curies":[{"name":"wp","href":"https:\/\/api.w.org\/{rel}","templated":true}]}}