{"id":357,"date":"2025-07-08T08:43:24","date_gmt":"2025-07-08T08:43:24","guid":{"rendered":"https:\/\/banzai.team\/pt\/?page_id=357"},"modified":"2025-07-27T11:46:32","modified_gmt":"2025-07-27T11:46:32","slug":"registration","status":"publish","type":"page","link":"https:\/\/banzai.team\/pt\/registration\/","title":{"rendered":"Registo"},"content":{"rendered":"","protected":false},"excerpt":{"rendered":"","protected":false},"author":1,"featured_media":0,"parent":0,"menu_order":0,"comment_status":"closed","ping_status":"closed","template":"","meta":{"footnotes":""},"class_list":["post-357","page","type-page","status-publish","hentry"],"yoast_head":"<!-- This site is optimized with the Yoast SEO plugin v27.4 - https:\/\/yoast.com\/product\/yoast-seo-wordpress\/ -->\n<title>Registo no BanzaiBet: Um Guia Completo para Principiantes<\/title>\n<meta name=\"description\" content=\"Descubra como \u00e9 f\u00e1cil e r\u00e1pido registar-se no BanzaiBet! Com o nosso guia completo para principiantes, abrir\u00e1 as portas para um mundo de aventuras de jogo e ganhos generosos. N\u00e3o perca a sua oportunidade - comece agora mesmo!\" \/>\n<meta name=\"robots\" content=\"index, follow, max-snippet:-1, max-image-preview:large, max-video-preview:-1\" \/>\n<meta property=\"og:locale\" content=\"pt_PT\" \/>\n<meta property=\"og:type\" content=\"article\" \/>\n<meta property=\"og:title\" content=\"Registo no BanzaiBet: Um Guia Completo para Principiantes\" \/>\n<meta property=\"og:description\" content=\"Descubra como \u00e9 f\u00e1cil e r\u00e1pido registar-se no BanzaiBet! Com o nosso guia completo para principiantes, abrir\u00e1 as portas para um mundo de aventuras de jogo e ganhos generosos. N\u00e3o perca a sua oportunidade - comece agora mesmo!\" \/>\n<meta property=\"og:url\" content=\"https:\/\/banzai.team\/pt\/registration\/\" \/>\n<meta property=\"og:site_name\" content=\"Banzai Team pt\" \/>\n<meta property=\"article:modified_time\" content=\"2025-07-27T11:46:32+00:00\" \/>\n<meta name=\"twitter:card\" content=\"summary_large_image\" \/>\n<script type=\"application\/ld+json\" class=\"yoast-schema-graph\">{\"@context\":\"https:\\\/\\\/schema.org\",\"@graph\":[{\"@type\":\"WebPage\",\"@id\":\"https:\\\/\\\/banzai.team\\\/pt\\\/registration\\\/\",\"url\":\"https:\\\/\\\/banzai.team\\\/pt\\\/registration\\\/\",\"name\":\"Registo no BanzaiBet: Um Guia Completo para Principiantes\",\"isPartOf\":{\"@id\":\"https:\\\/\\\/banzai.team\\\/pt\\\/#website\"},\"datePublished\":\"2025-07-08T08:43:24+00:00\",\"dateModified\":\"2025-07-27T11:46:32+00:00\",\"description\":\"Descubra como \u00e9 f\u00e1cil e r\u00e1pido registar-se no BanzaiBet! Com o nosso guia completo para principiantes, abrir\u00e1 as portas para um mundo de aventuras de jogo e ganhos generosos. N\u00e3o perca a sua oportunidade - comece agora mesmo!\",\"breadcrumb\":{\"@id\":\"https:\\\/\\\/banzai.team\\\/pt\\\/registration\\\/#breadcrumb\"},\"inLanguage\":\"pt-PT\",\"potentialAction\":[{\"@type\":\"ReadAction\",\"target\":[\"https:\\\/\\\/banzai.team\\\/pt\\\/registration\\\/\"]}]},{\"@type\":\"BreadcrumbList\",\"@id\":\"https:\\\/\\\/banzai.team\\\/pt\\\/registration\\\/#breadcrumb\",\"itemListElement\":[{\"@type\":\"ListItem\",\"position\":1,\"name\":\"Home\",\"item\":\"https:\\\/\\\/banzai.team\\\/pt\\\/\"},{\"@type\":\"ListItem\",\"position\":2,\"name\":\"Registo\"}]},{\"@type\":\"WebSite\",\"@id\":\"https:\\\/\\\/banzai.team\\\/pt\\\/#website\",\"url\":\"https:\\\/\\\/banzai.team\\\/pt\\\/\",\"name\":\"Banzai Team pt\",\"description\":\"My WordPress Blog\",\"potentialAction\":[{\"@type\":\"SearchAction\",\"target\":{\"@type\":\"EntryPoint\",\"urlTemplate\":\"https:\\\/\\\/banzai.team\\\/pt\\\/?s={search_term_string}\"},\"query-input\":{\"@type\":\"PropertyValueSpecification\",\"valueRequired\":true,\"valueName\":\"search_term_string\"}}],\"inLanguage\":\"pt-PT\"}]}<\/script>\n<!-- \/ Yoast SEO plugin. -->","yoast_head_json":{"title":"Registo no BanzaiBet: Um Guia Completo para Principiantes","description":"Descubra como \u00e9 f\u00e1cil e r\u00e1pido registar-se no BanzaiBet! Com o nosso guia completo para principiantes, abrir\u00e1 as portas para um mundo de aventuras de jogo e ganhos generosos. N\u00e3o perca a sua oportunidade - comece agora mesmo!","robots":{"index":"index","follow":"follow","max-snippet":"max-snippet:-1","max-image-preview":"max-image-preview:large","max-video-preview":"max-video-preview:-1"},"og_locale":"pt_PT","og_type":"article","og_title":"Registo no BanzaiBet: Um Guia Completo para Principiantes","og_description":"Descubra como \u00e9 f\u00e1cil e r\u00e1pido registar-se no BanzaiBet! Com o nosso guia completo para principiantes, abrir\u00e1 as portas para um mundo de aventuras de jogo e ganhos generosos. N\u00e3o perca a sua oportunidade - comece agora mesmo!","og_url":"https:\/\/banzai.team\/pt\/registration\/","og_site_name":"Banzai Team pt","article_modified_time":"2025-07-27T11:46:32+00:00","twitter_card":"summary_large_image","schema":{"@context":"https:\/\/schema.org","@graph":[{"@type":"WebPage","@id":"https:\/\/banzai.team\/pt\/registration\/","url":"https:\/\/banzai.team\/pt\/registration\/","name":"Registo no BanzaiBet: Um Guia Completo para Principiantes","isPartOf":{"@id":"https:\/\/banzai.team\/pt\/#website"},"datePublished":"2025-07-08T08:43:24+00:00","dateModified":"2025-07-27T11:46:32+00:00","description":"Descubra como \u00e9 f\u00e1cil e r\u00e1pido registar-se no BanzaiBet! Com o nosso guia completo para principiantes, abrir\u00e1 as portas para um mundo de aventuras de jogo e ganhos generosos. N\u00e3o perca a sua oportunidade - comece agora mesmo!","breadcrumb":{"@id":"https:\/\/banzai.team\/pt\/registration\/#breadcrumb"},"inLanguage":"pt-PT","potentialAction":[{"@type":"ReadAction","target":["https:\/\/banzai.team\/pt\/registration\/"]}]},{"@type":"BreadcrumbList","@id":"https:\/\/banzai.team\/pt\/registration\/#breadcrumb","itemListElement":[{"@type":"ListItem","position":1,"name":"Home","item":"https:\/\/banzai.team\/pt\/"},{"@type":"ListItem","position":2,"name":"Registo"}]},{"@type":"WebSite","@id":"https:\/\/banzai.team\/pt\/#website","url":"https:\/\/banzai.team\/pt\/","name":"Banzai Team pt","description":"My WordPress Blog","potentialAction":[{"@type":"SearchAction","target":{"@type":"EntryPoint","urlTemplate":"https:\/\/banzai.team\/pt\/?s={search_term_string}"},"query-input":{"@type":"PropertyValueSpecification","valueRequired":true,"valueName":"search_term_string"}}],"inLanguage":"pt-PT"}]}},"_links":{"self":[{"href":"https:\/\/banzai.team\/pt\/wp-json\/wp\/v2\/pages\/357","targetHints":{"allow":["GET"]}}],"collection":[{"href":"https:\/\/banzai.team\/pt\/wp-json\/wp\/v2\/pages"}],"about":[{"href":"https:\/\/banzai.team\/pt\/wp-json\/wp\/v2\/types\/page"}],"author":[{"embeddable":true,"href":"https:\/\/banzai.team\/pt\/wp-json\/wp\/v2\/users\/1"}],"replies":[{"embeddable":true,"href":"https:\/\/banzai.team\/pt\/wp-json\/wp\/v2\/comments?post=357"}],"version-history":[{"count":11,"href":"https:\/\/banzai.team\/pt\/wp-json\/wp\/v2\/pages\/357\/revisions"}],"predecessor-version":[{"id":501,"href":"https:\/\/banzai.team\/pt\/wp-json\/wp\/v2\/pages\/357\/revisions\/501"}],"wp:attachment":[{"href":"https:\/\/banzai.team\/pt\/wp-json\/wp\/v2\/media?parent=357"}],"curies":[{"name":"wp","href":"https:\/\/api.w.org\/{rel}","templated":true}]}}