{"id":430,"date":"2025-07-11T08:11:03","date_gmt":"2025-07-11T08:11:03","guid":{"rendered":"https:\/\/banzai.team\/pt\/?page_id=430"},"modified":"2025-07-28T19:08:13","modified_gmt":"2025-07-28T19:08:13","slug":"super-crypto-bonus","status":"publish","type":"page","link":"https:\/\/banzai.team\/pt\/bonus\/super-crypto-bonus\/","title":{"rendered":"Super b\u00f3nus cripto"},"content":{"rendered":"","protected":false},"excerpt":{"rendered":"","protected":false},"author":1,"featured_media":0,"parent":152,"menu_order":0,"comment_status":"closed","ping_status":"closed","template":"","meta":{"footnotes":""},"class_list":["post-430","page","type-page","status-publish","hentry"],"yoast_head":"<!-- This site is optimized with the Yoast SEO plugin v27.4 - https:\/\/yoast.com\/product\/yoast-seo-wordpress\/ -->\n<title>Banzai Super B\u00f4nus em Criptomoedas | Ganhe 20% em dep\u00f3sitos!<\/title>\n<meta name=\"description\" content=\"Obtenha um super b\u00f3nus em dep\u00f3sitos de criptomoeda na Banzai! Fa\u00e7a dep\u00f3sitos a partir de 15 EUR e receba um b\u00f3nus de 20% at\u00e9 100 EUR. Participe na promo\u00e7\u00e3o, aposte o b\u00f3nus e divirta-se a jogar no Banzai.bet.\" \/>\n<meta name=\"robots\" content=\"index, follow, max-snippet:-1, max-image-preview:large, max-video-preview:-1\" \/>\n<meta property=\"og:locale\" content=\"pt_PT\" \/>\n<meta property=\"og:type\" content=\"article\" \/>\n<meta property=\"og:title\" content=\"Banzai Super B\u00f4nus em Criptomoedas | Ganhe 20% em dep\u00f3sitos!\" \/>\n<meta property=\"og:description\" content=\"Obtenha um super b\u00f3nus em dep\u00f3sitos de criptomoeda na Banzai! Fa\u00e7a dep\u00f3sitos a partir de 15 EUR e receba um b\u00f3nus de 20% at\u00e9 100 EUR. Participe na promo\u00e7\u00e3o, aposte o b\u00f3nus e divirta-se a jogar no Banzai.bet.\" \/>\n<meta property=\"og:url\" content=\"https:\/\/banzai.team\/pt\/bonus\/super-crypto-bonus\/\" \/>\n<meta property=\"og:site_name\" content=\"Banzai Team pt\" \/>\n<meta property=\"article:modified_time\" content=\"2025-07-28T19:08:13+00:00\" \/>\n<meta name=\"twitter:card\" content=\"summary_large_image\" \/>\n<script type=\"application\/ld+json\" class=\"yoast-schema-graph\">{\"@context\":\"https:\\\/\\\/schema.org\",\"@graph\":[{\"@type\":\"WebPage\",\"@id\":\"https:\\\/\\\/banzai.team\\\/pt\\\/bonus\\\/super-crypto-bonus\\\/\",\"url\":\"https:\\\/\\\/banzai.team\\\/pt\\\/bonus\\\/super-crypto-bonus\\\/\",\"name\":\"Banzai Super B\u00f4nus em Criptomoedas | Ganhe 20% em dep\u00f3sitos!\",\"isPartOf\":{\"@id\":\"https:\\\/\\\/banzai.team\\\/pt\\\/#website\"},\"datePublished\":\"2025-07-11T08:11:03+00:00\",\"dateModified\":\"2025-07-28T19:08:13+00:00\",\"description\":\"Obtenha um super b\u00f3nus em dep\u00f3sitos de criptomoeda na Banzai! Fa\u00e7a dep\u00f3sitos a partir de 15 EUR e receba um b\u00f3nus de 20% at\u00e9 100 EUR. Participe na promo\u00e7\u00e3o, aposte o b\u00f3nus e divirta-se a jogar no Banzai.bet.\",\"breadcrumb\":{\"@id\":\"https:\\\/\\\/banzai.team\\\/pt\\\/bonus\\\/super-crypto-bonus\\\/#breadcrumb\"},\"inLanguage\":\"pt-PT\",\"potentialAction\":[{\"@type\":\"ReadAction\",\"target\":[\"https:\\\/\\\/banzai.team\\\/pt\\\/bonus\\\/super-crypto-bonus\\\/\"]}]},{\"@type\":\"BreadcrumbList\",\"@id\":\"https:\\\/\\\/banzai.team\\\/pt\\\/bonus\\\/super-crypto-bonus\\\/#breadcrumb\",\"itemListElement\":[{\"@type\":\"ListItem\",\"position\":1,\"name\":\"Home\",\"item\":\"https:\\\/\\\/banzai.team\\\/pt\\\/\"},{\"@type\":\"ListItem\",\"position\":2,\"name\":\"B\u00f3nus\",\"item\":\"https:\\\/\\\/banzai.team\\\/pt\\\/bonus\\\/\"},{\"@type\":\"ListItem\",\"position\":3,\"name\":\"Super b\u00f3nus cripto\"}]},{\"@type\":\"WebSite\",\"@id\":\"https:\\\/\\\/banzai.team\\\/pt\\\/#website\",\"url\":\"https:\\\/\\\/banzai.team\\\/pt\\\/\",\"name\":\"Banzai Team pt\",\"description\":\"My WordPress Blog\",\"potentialAction\":[{\"@type\":\"SearchAction\",\"target\":{\"@type\":\"EntryPoint\",\"urlTemplate\":\"https:\\\/\\\/banzai.team\\\/pt\\\/?s={search_term_string}\"},\"query-input\":{\"@type\":\"PropertyValueSpecification\",\"valueRequired\":true,\"valueName\":\"search_term_string\"}}],\"inLanguage\":\"pt-PT\"}]}<\/script>\n<!-- \/ Yoast SEO plugin. -->","yoast_head_json":{"title":"Banzai Super B\u00f4nus em Criptomoedas | Ganhe 20% em dep\u00f3sitos!","description":"Obtenha um super b\u00f3nus em dep\u00f3sitos de criptomoeda na Banzai! Fa\u00e7a dep\u00f3sitos a partir de 15 EUR e receba um b\u00f3nus de 20% at\u00e9 100 EUR. Participe na promo\u00e7\u00e3o, aposte o b\u00f3nus e divirta-se a jogar no Banzai.bet.","robots":{"index":"index","follow":"follow","max-snippet":"max-snippet:-1","max-image-preview":"max-image-preview:large","max-video-preview":"max-video-preview:-1"},"og_locale":"pt_PT","og_type":"article","og_title":"Banzai Super B\u00f4nus em Criptomoedas | Ganhe 20% em dep\u00f3sitos!","og_description":"Obtenha um super b\u00f3nus em dep\u00f3sitos de criptomoeda na Banzai! Fa\u00e7a dep\u00f3sitos a partir de 15 EUR e receba um b\u00f3nus de 20% at\u00e9 100 EUR. Participe na promo\u00e7\u00e3o, aposte o b\u00f3nus e divirta-se a jogar no Banzai.bet.","og_url":"https:\/\/banzai.team\/pt\/bonus\/super-crypto-bonus\/","og_site_name":"Banzai Team pt","article_modified_time":"2025-07-28T19:08:13+00:00","twitter_card":"summary_large_image","schema":{"@context":"https:\/\/schema.org","@graph":[{"@type":"WebPage","@id":"https:\/\/banzai.team\/pt\/bonus\/super-crypto-bonus\/","url":"https:\/\/banzai.team\/pt\/bonus\/super-crypto-bonus\/","name":"Banzai Super B\u00f4nus em Criptomoedas | Ganhe 20% em dep\u00f3sitos!","isPartOf":{"@id":"https:\/\/banzai.team\/pt\/#website"},"datePublished":"2025-07-11T08:11:03+00:00","dateModified":"2025-07-28T19:08:13+00:00","description":"Obtenha um super b\u00f3nus em dep\u00f3sitos de criptomoeda na Banzai! Fa\u00e7a dep\u00f3sitos a partir de 15 EUR e receba um b\u00f3nus de 20% at\u00e9 100 EUR. Participe na promo\u00e7\u00e3o, aposte o b\u00f3nus e divirta-se a jogar no Banzai.bet.","breadcrumb":{"@id":"https:\/\/banzai.team\/pt\/bonus\/super-crypto-bonus\/#breadcrumb"},"inLanguage":"pt-PT","potentialAction":[{"@type":"ReadAction","target":["https:\/\/banzai.team\/pt\/bonus\/super-crypto-bonus\/"]}]},{"@type":"BreadcrumbList","@id":"https:\/\/banzai.team\/pt\/bonus\/super-crypto-bonus\/#breadcrumb","itemListElement":[{"@type":"ListItem","position":1,"name":"Home","item":"https:\/\/banzai.team\/pt\/"},{"@type":"ListItem","position":2,"name":"B\u00f3nus","item":"https:\/\/banzai.team\/pt\/bonus\/"},{"@type":"ListItem","position":3,"name":"Super b\u00f3nus cripto"}]},{"@type":"WebSite","@id":"https:\/\/banzai.team\/pt\/#website","url":"https:\/\/banzai.team\/pt\/","name":"Banzai Team pt","description":"My WordPress Blog","potentialAction":[{"@type":"SearchAction","target":{"@type":"EntryPoint","urlTemplate":"https:\/\/banzai.team\/pt\/?s={search_term_string}"},"query-input":{"@type":"PropertyValueSpecification","valueRequired":true,"valueName":"search_term_string"}}],"inLanguage":"pt-PT"}]}},"_links":{"self":[{"href":"https:\/\/banzai.team\/pt\/wp-json\/wp\/v2\/pages\/430","targetHints":{"allow":["GET"]}}],"collection":[{"href":"https:\/\/banzai.team\/pt\/wp-json\/wp\/v2\/pages"}],"about":[{"href":"https:\/\/banzai.team\/pt\/wp-json\/wp\/v2\/types\/page"}],"author":[{"embeddable":true,"href":"https:\/\/banzai.team\/pt\/wp-json\/wp\/v2\/users\/1"}],"replies":[{"embeddable":true,"href":"https:\/\/banzai.team\/pt\/wp-json\/wp\/v2\/comments?post=430"}],"version-history":[{"count":3,"href":"https:\/\/banzai.team\/pt\/wp-json\/wp\/v2\/pages\/430\/revisions"}],"predecessor-version":[{"id":485,"href":"https:\/\/banzai.team\/pt\/wp-json\/wp\/v2\/pages\/430\/revisions\/485"}],"up":[{"embeddable":true,"href":"https:\/\/banzai.team\/pt\/wp-json\/wp\/v2\/pages\/152"}],"wp:attachment":[{"href":"https:\/\/banzai.team\/pt\/wp-json\/wp\/v2\/media?parent=430"}],"curies":[{"name":"wp","href":"https:\/\/api.w.org\/{rel}","templated":true}]}}